{"id":29051,"date":"2023-12-06T11:10:29","date_gmt":"2023-12-06T11:10:29","guid":{"rendered":"https:\/\/travel.evway.net\/?page_id=29051"},"modified":"2024-06-18T09:10:09","modified_gmt":"2024-06-18T09:10:09","slug":"home","status":"publish","type":"page","link":"https:\/\/travel.evway.net\/fr\/","title":{"rendered":"Home"},"content":{"rendered":"<div class=\"wpb-content-wrapper\"><p>[vc_row row_type=\u00a0\u00bbrow\u00a0\u00bb use_row_as_full_screen_section=\u00a0\u00bbno\u00a0\u00bb type=\u00a0\u00bbgrid\u00a0\u00bb text_align=\u00a0\u00bbleft\u00a0\u00bb background_animation=\u00a0\u00bbnone\u00a0\u00bb padding_top=\u00a0\u00bb80&Prime; padding_bottom=\u00a0\u00bb50&Prime; css_animation=\u00a0\u00bb\u00a0\u00bb][vc_column offset=\u00a0\u00bbvc_col-lg-12 vc_col-md-5&Prime;][vc_column_text css=\u00a0\u00bb.vc_custom_1557914666724{background-position: center !important;background-repeat: no-repeat !important;background-size: cover !important;}\u00a0\u00bb]<\/p>\n<div id=\"page-container\" class=\"et-animated-content\">\n<div id=\"et-main-area\">\n<div id=\"main-content\">\n<article id=\"post-1148\" class=\"post-1148 page type-page status-publish hentry\">\n<div class=\"entry-content\">\n<div id=\"et-boc\" class=\"et-boc\">\n<div class=\"et_builder_inner_content et_pb_gutters3\">\n<div class=\"et_pb_section et_pb_section_1 et_section_regular\">\n<div class=\"et_pb_row et_pb_row_0\">\n<div class=\"et_pb_column et_pb_column_4_4 et_pb_column_0 et_pb_css_mix_blend_mode_passthrough et-last-child\">\n<div class=\"et_pb_module et_pb_text et_pb_text_0 et_pb_bg_layout_light et_pb_text_align_justify\">\n<div class=\"et_pb_text_inner\">\n<h2><span style=\"color: #4b4b4b;\"><strong><span style=\"font-size: 18pt;\">\u201cLorsque vous voyagez, o\u00f9 que vous alliez, n&rsquo;oubliez pas de respecter la nature, la culture et votre h\u00f4te. Vous pouvez repr\u00e9senter le changement que vous voulez voir dans le monde. Vous pouvez \u00eatre l&rsquo;ambassadeur d&rsquo;un avenir meilleur. VOYAGEZ, VIVEZ, RESPECTEZ. RESPECT.<span class=\"\">\u201d<\/span><\/span><\/strong><\/span><\/h2>\n<\/div>\n<\/div>\n<\/div>\n<\/div>\n<\/div>\n<\/div>\n<\/div>\n<\/div>\n<\/article>\n<\/div>\n<\/div>\n<\/div>\n<p>[\/vc_column_text][vc_empty_space height=\u00a0\u00bb30px\u00a0\u00bb][vc_column_text]<\/p>\n<h4 style=\"text-align: right;\"><em>Taleb Rifai, UNWTO Secretary-General<\/em><\/h4>\n<p>[\/vc_column_text][\/vc_column][\/vc_row][vc_row row_type=\u00a0\u00bbrow\u00a0\u00bb use_row_as_full_screen_section=\u00a0\u00bbno\u00a0\u00bb type=\u00a0\u00bbgrid\u00a0\u00bb text_align=\u00a0\u00bbleft\u00a0\u00bb background_animation=\u00a0\u00bbnone\u00a0\u00bb padding_top=\u00a0\u00bb108&Prime; padding_bottom=\u00a0\u00bb78&Prime; css_animation=\u00a0\u00bb\u00a0\u00bb][vc_column offset=\u00a0\u00bbvc_col-lg-12 vc_col-md-5&Prime;][vc_column_text]<\/p>\n<h2 style=\"text-align: center;\">Vous \u00eates le protagoniste !<\/h2>\n<p style=\"text-align: center;\"><span style=\"font-size: 14pt;\">Si vous voulez faire l&rsquo;exp\u00e9rience de voyages et de vacances durables,<\/span><\/p>\n<p style=\"text-align: center;\"><span style=\"font-size: 14pt;\">Le r\u00e9seau\u00a0 <\/span><span style=\"color: #4b4b4b; font-size: 14pt;\"><strong><span style=\"color: #ffbf3b;\">evway Travel Network <\/span><\/strong><\/span><span style=\"font-size: 14pt;\">est votre compagnon de voyage id\u00e9al.<\/span><\/p>\n<p style=\"text-align: center;\"><span style=\"font-size: 14pt;\">Trouvez vos endroits pr\u00e9f\u00e9r\u00e9s sur l&rsquo;application <\/span><span style=\"color: #4b4b4b; font-size: 14pt;\"><a style=\"color: #4b4b4b;\" href=\"http:\/\/www.evway.net\/app\"><span style=\"text-decoration: underline;\"><strong><span style=\"color: #ffbf3b; text-decoration: underline;\">evway<\/span><\/strong><\/span><\/a>, <\/span><span style=\"font-size: 14pt;\">r\u00e9servez votre s\u00e9jour<\/span><\/p>\n<p style=\"text-align: center;\"><span style=\"font-size: 14pt;\">et passez vos vacances dans un \u00e9tablissement du r\u00e9seau <\/span><span style=\"color: #4b4b4b; font-size: 14pt;\"><strong><span style=\"color: #ffbf3b;\">evway Travel Network<\/span><\/strong><\/span><span style=\"font-size: 14pt;\">.<\/span><\/p>\n<p>[\/vc_column_text][vc_empty_space height=\u00a0\u00bb60px\u00a0\u00bb]<div class='qode_carousels_holder clearfix hover_second_image'><div class='qode_carousels ' data-number_of_items = 5><ul class='slides'>Sorry, no posts matched your criteria.<\/ul><\/div><\/div>[vc_row_inner row_type=\u00a0\u00bbrow\u00a0\u00bb type=\u00a0\u00bbfull_width\u00a0\u00bb use_row_as_full_screen_section_slide=\u00a0\u00bbno\u00a0\u00bb text_align=\u00a0\u00bbcenter\u00a0\u00bb css_animation=\u00a0\u00bb\u00a0\u00bb css=\u00a0\u00bb.vc_custom_1701791609427{background-image: url(https:\/\/travel.evway.net\/wp-content\/uploads\/2022\/11\/Parco-Naturale-Sciliar-Catinaccio-2.jpeg?id=28181) !important;}\u00a0\u00bb][vc_column_inner width=\u00a0\u00bb1\/2&Prime; css=\u00a0\u00bb.vc_custom_1701791703556{border-top-width: 10px !important;border-right-width: 10px !important;border-bottom-width: 10px !important;border-left-width: 10px !important;background-color: #ffffff !important;}\u00a0\u00bb][vc_column_text]<\/p>\n<h3 style=\"text-align: center;\">Voyagez avec le<br \/>\nLE PREMIER GUIDE AU MONDE<br \/>\npour les conducteurs \u00e9lectriques!<\/h3>\n<p style=\"text-align: center;\">Le guide 2024 qui vous accompagne dans vos d\u00e9placements,<br \/>\npour vous permettre de voyager en toute s\u00e9r\u00e9nit\u00e9&#8230; En savoir plus et commander votre exemplaire!<\/p>\n<p>[\/vc_column_text]<a href=\"mailto:comunicazione@evway.net\" target=\"_self\"  class=\"qbutton  medium\" style=\"\">CLIQUEZ ICI<\/a>[vc_empty_space height=\u00a0\u00bb20px\u00a0\u00bb][\/vc_column_inner][vc_column_inner width=\u00a0\u00bb1\/2&Prime;][vc_column_text]<img loading=\"lazy\" decoding=\"async\" class=\"aligncenter wp-image-29031\" src=\"https:\/\/travel.evway.net\/wp-content\/uploads\/2023\/12\/Mockup-Copertina-OK-Fronte-e1701791116857.png\" alt=\"\" width=\"300\" height=\"480\" srcset=\"https:\/\/travel.evway.net\/wp-content\/uploads\/2023\/12\/Mockup-Copertina-OK-Fronte-e1701791116857.png 1561w, https:\/\/travel.evway.net\/wp-content\/uploads\/2023\/12\/Mockup-Copertina-OK-Fronte-e1701791116857-187x300.png 187w, https:\/\/travel.evway.net\/wp-content\/uploads\/2023\/12\/Mockup-Copertina-OK-Fronte-e1701791116857-639x1024.png 639w, https:\/\/travel.evway.net\/wp-content\/uploads\/2023\/12\/Mockup-Copertina-OK-Fronte-e1701791116857-768x1230.png 768w, https:\/\/travel.evway.net\/wp-content\/uploads\/2023\/12\/Mockup-Copertina-OK-Fronte-e1701791116857-959x1536.png 959w, https:\/\/travel.evway.net\/wp-content\/uploads\/2023\/12\/Mockup-Copertina-OK-Fronte-e1701791116857-1279x2048.png 1279w, https:\/\/travel.evway.net\/wp-content\/uploads\/2023\/12\/Mockup-Copertina-OK-Fronte-e1701791116857-700x1121.png 700w, https:\/\/travel.evway.net\/wp-content\/uploads\/2023\/12\/Mockup-Copertina-OK-Fronte-e1701791116857-1100x1762.png 1100w\" sizes=\"(max-width: 300px) 100vw, 300px\" \/>[\/vc_column_text][\/vc_column_inner][\/vc_row_inner][\/vc_column][\/vc_row]<\/p>\n<\/div>","protected":false},"excerpt":{"rendered":"<p>[vc_row row_type=\u00a0\u00bbrow\u00a0\u00bb use_row_as_full_screen_section=\u00a0\u00bbno\u00a0\u00bb type=\u00a0\u00bbgrid\u00a0\u00bb text_align=\u00a0\u00bbleft\u00a0\u00bb background_animation=\u00a0\u00bbnone\u00a0\u00bb padding_top=\u00a0\u00bb80&Prime; padding_bottom=\u00a0\u00bb50&Prime; css_animation=\u00a0\u00bb\u00a0\u00bb][vc_column offset=\u00a0\u00bbvc_col-lg-12 vc_col-md-5&Prime;][vc_column_text css=\u00a0\u00bb.vc_custom_1557914666724{background-position: center !important;background-repeat: no-repeat !important;background-size: cover !important;}\u00a0\u00bb] \u201cLorsque vous voyagez, o\u00f9 que vous alliez, n&rsquo;oubliez pas de respecter la nature, la culture et votre h\u00f4te. Vous pouvez repr\u00e9senter le changement que vous voulez voir&#8230;<\/p>\n","protected":false},"author":1,"featured_media":0,"parent":0,"menu_order":0,"comment_status":"open","ping_status":"closed","template":"full_width.php","meta":{"footnotes":""},"yoast_head":"<!-- This site is optimized with the Yoast SEO plugin v19.13 - https:\/\/yoast.com\/wordpress\/plugins\/seo\/ -->\n<title>Tourisme \u00e9lectrique - evway Travel Network<\/title>\n<meta name=\"description\" content=\"Tourisme \u00e9lectrique, s\u00e9jour et recharge. D\u00e9couvrez les installations qui vous conviennent avec une borne de recharge v\u00e9rifi\u00e9e et certifi\u00e9e.\" \/>\n<meta name=\"robots\" content=\"index, follow, max-snippet:-1, max-image-preview:large, max-video-preview:-1\" \/>\n<link rel=\"canonical\" href=\"https:\/\/travel.evway.net\/fr\/\" \/>\n<meta property=\"og:locale\" content=\"fr_FR\" \/>\n<meta property=\"og:type\" content=\"article\" \/>\n<meta property=\"og:title\" content=\"Tourisme \u00e9lectrique - evway Travel Network\" \/>\n<meta property=\"og:description\" content=\"Tourisme \u00e9lectrique, s\u00e9jour et recharge. D\u00e9couvrez les installations qui vous conviennent avec une borne de recharge v\u00e9rifi\u00e9e et certifi\u00e9e.\" \/>\n<meta property=\"og:url\" content=\"https:\/\/travel.evway.net\/fr\/\" \/>\n<meta property=\"og:site_name\" content=\"evway Travel Network\" \/>\n<meta property=\"article:publisher\" content=\"https:\/\/www.facebook.com\/goevway\/\" \/>\n<meta property=\"article:modified_time\" content=\"2024-06-18T09:10:09+00:00\" \/>\n<meta property=\"og:image\" content=\"https:\/\/travel.evway.net\/wp-content\/uploads\/2023\/12\/Mockup-Copertina-OK-Fronte-201x300.png\" \/>\n<meta name=\"twitter:card\" content=\"summary_large_image\" \/>\n<meta name=\"twitter:label1\" content=\"Dur\u00e9e de lecture estim\u00e9e\" \/>\n\t<meta name=\"twitter:data1\" content=\"2 minutes\" \/>\n<script type=\"application\/ld+json\" class=\"yoast-schema-graph\">{\"@context\":\"https:\/\/schema.org\",\"@graph\":[{\"@type\":\"WebPage\",\"@id\":\"https:\/\/travel.evway.net\/fr\/\",\"url\":\"https:\/\/travel.evway.net\/fr\/\",\"name\":\"Tourisme \u00e9lectrique - evway Travel Network\",\"isPartOf\":{\"@id\":\"https:\/\/travel.evway.net\/fr\/#website\"},\"datePublished\":\"2023-12-06T11:10:29+00:00\",\"dateModified\":\"2024-06-18T09:10:09+00:00\",\"description\":\"Tourisme \u00e9lectrique, s\u00e9jour et recharge. D\u00e9couvrez les installations qui vous conviennent avec une borne de recharge v\u00e9rifi\u00e9e et certifi\u00e9e.\",\"breadcrumb\":{\"@id\":\"https:\/\/travel.evway.net\/fr\/#breadcrumb\"},\"inLanguage\":\"fr-FR\",\"potentialAction\":[{\"@type\":\"ReadAction\",\"target\":[\"https:\/\/travel.evway.net\/fr\/\"]}]},{\"@type\":\"BreadcrumbList\",\"@id\":\"https:\/\/travel.evway.net\/fr\/#breadcrumb\",\"itemListElement\":[{\"@type\":\"ListItem\",\"position\":1,\"name\":\"Home\",\"item\":\"https:\/\/travel.evway.net\/fr\/\"},{\"@type\":\"ListItem\",\"position\":2,\"name\":\"Home\"}]},{\"@type\":\"WebSite\",\"@id\":\"https:\/\/travel.evway.net\/fr\/#website\",\"url\":\"https:\/\/travel.evway.net\/fr\/\",\"name\":\"evway Travel Network\",\"description\":\"Charge your Car, Live your Life\",\"publisher\":{\"@id\":\"https:\/\/travel.evway.net\/fr\/#organization\"},\"potentialAction\":[{\"@type\":\"SearchAction\",\"target\":{\"@type\":\"EntryPoint\",\"urlTemplate\":\"https:\/\/travel.evway.net\/fr\/?s={search_term_string}\"},\"query-input\":\"required name=search_term_string\"}],\"inLanguage\":\"fr-FR\"},{\"@type\":\"Organization\",\"@id\":\"https:\/\/travel.evway.net\/fr\/#organization\",\"name\":\"evway travel network\",\"url\":\"https:\/\/travel.evway.net\/fr\/\",\"logo\":{\"@type\":\"ImageObject\",\"inLanguage\":\"fr-FR\",\"@id\":\"https:\/\/travel.evway.net\/fr\/#\/schema\/logo\/image\/\",\"url\":\"https:\/\/travel.evway.net\/wp-content\/uploads\/2020\/09\/LOGO_ETN.png\",\"contentUrl\":\"https:\/\/travel.evway.net\/wp-content\/uploads\/2020\/09\/LOGO_ETN.png\",\"width\":3333,\"height\":3333,\"caption\":\"evway travel network\"},\"image\":{\"@id\":\"https:\/\/travel.evway.net\/fr\/#\/schema\/logo\/image\/\"},\"sameAs\":[\"https:\/\/www.instagram.com\/evway\/?hl=it\",\"https:\/\/www.facebook.com\/goevway\/\"]}]}<\/script>\n<!-- \/ Yoast SEO plugin. -->","yoast_head_json":{"title":"Tourisme \u00e9lectrique - evway Travel Network","description":"Tourisme \u00e9lectrique, s\u00e9jour et recharge. D\u00e9couvrez les installations qui vous conviennent avec une borne de recharge v\u00e9rifi\u00e9e et certifi\u00e9e.","robots":{"index":"index","follow":"follow","max-snippet":"max-snippet:-1","max-image-preview":"max-image-preview:large","max-video-preview":"max-video-preview:-1"},"canonical":"https:\/\/travel.evway.net\/fr\/","og_locale":"fr_FR","og_type":"article","og_title":"Tourisme \u00e9lectrique - evway Travel Network","og_description":"Tourisme \u00e9lectrique, s\u00e9jour et recharge. D\u00e9couvrez les installations qui vous conviennent avec une borne de recharge v\u00e9rifi\u00e9e et certifi\u00e9e.","og_url":"https:\/\/travel.evway.net\/fr\/","og_site_name":"evway Travel Network","article_publisher":"https:\/\/www.facebook.com\/goevway\/","article_modified_time":"2024-06-18T09:10:09+00:00","og_image":[{"url":"https:\/\/travel.evway.net\/wp-content\/uploads\/2023\/12\/Mockup-Copertina-OK-Fronte-201x300.png"}],"twitter_card":"summary_large_image","twitter_misc":{"Dur\u00e9e de lecture estim\u00e9e":"2 minutes"},"schema":{"@context":"https:\/\/schema.org","@graph":[{"@type":"WebPage","@id":"https:\/\/travel.evway.net\/fr\/","url":"https:\/\/travel.evway.net\/fr\/","name":"Tourisme \u00e9lectrique - evway Travel Network","isPartOf":{"@id":"https:\/\/travel.evway.net\/fr\/#website"},"datePublished":"2023-12-06T11:10:29+00:00","dateModified":"2024-06-18T09:10:09+00:00","description":"Tourisme \u00e9lectrique, s\u00e9jour et recharge. D\u00e9couvrez les installations qui vous conviennent avec une borne de recharge v\u00e9rifi\u00e9e et certifi\u00e9e.","breadcrumb":{"@id":"https:\/\/travel.evway.net\/fr\/#breadcrumb"},"inLanguage":"fr-FR","potentialAction":[{"@type":"ReadAction","target":["https:\/\/travel.evway.net\/fr\/"]}]},{"@type":"BreadcrumbList","@id":"https:\/\/travel.evway.net\/fr\/#breadcrumb","itemListElement":[{"@type":"ListItem","position":1,"name":"Home","item":"https:\/\/travel.evway.net\/fr\/"},{"@type":"ListItem","position":2,"name":"Home"}]},{"@type":"WebSite","@id":"https:\/\/travel.evway.net\/fr\/#website","url":"https:\/\/travel.evway.net\/fr\/","name":"evway Travel Network","description":"Charge your Car, Live your Life","publisher":{"@id":"https:\/\/travel.evway.net\/fr\/#organization"},"potentialAction":[{"@type":"SearchAction","target":{"@type":"EntryPoint","urlTemplate":"https:\/\/travel.evway.net\/fr\/?s={search_term_string}"},"query-input":"required name=search_term_string"}],"inLanguage":"fr-FR"},{"@type":"Organization","@id":"https:\/\/travel.evway.net\/fr\/#organization","name":"evway travel network","url":"https:\/\/travel.evway.net\/fr\/","logo":{"@type":"ImageObject","inLanguage":"fr-FR","@id":"https:\/\/travel.evway.net\/fr\/#\/schema\/logo\/image\/","url":"https:\/\/travel.evway.net\/wp-content\/uploads\/2020\/09\/LOGO_ETN.png","contentUrl":"https:\/\/travel.evway.net\/wp-content\/uploads\/2020\/09\/LOGO_ETN.png","width":3333,"height":3333,"caption":"evway travel network"},"image":{"@id":"https:\/\/travel.evway.net\/fr\/#\/schema\/logo\/image\/"},"sameAs":["https:\/\/www.instagram.com\/evway\/?hl=it","https:\/\/www.facebook.com\/goevway\/"]}]}},"_links":{"self":[{"href":"https:\/\/travel.evway.net\/fr\/wp-json\/wp\/v2\/pages\/29051"}],"collection":[{"href":"https:\/\/travel.evway.net\/fr\/wp-json\/wp\/v2\/pages"}],"about":[{"href":"https:\/\/travel.evway.net\/fr\/wp-json\/wp\/v2\/types\/page"}],"author":[{"embeddable":true,"href":"https:\/\/travel.evway.net\/fr\/wp-json\/wp\/v2\/users\/1"}],"replies":[{"embeddable":true,"href":"https:\/\/travel.evway.net\/fr\/wp-json\/wp\/v2\/comments?post=29051"}],"version-history":[{"count":1,"href":"https:\/\/travel.evway.net\/fr\/wp-json\/wp\/v2\/pages\/29051\/revisions"}],"predecessor-version":[{"id":29052,"href":"https:\/\/travel.evway.net\/fr\/wp-json\/wp\/v2\/pages\/29051\/revisions\/29052"}],"wp:attachment":[{"href":"https:\/\/travel.evway.net\/fr\/wp-json\/wp\/v2\/media?parent=29051"}],"curies":[{"name":"wp","href":"https:\/\/api.w.org\/{rel}","templated":true}]}}