{"id":29012,"date":"2023-12-01T14:32:48","date_gmt":"2023-12-01T14:32:48","guid":{"rendered":"https:\/\/travel.evway.net\/facilities\/"},"modified":"2024-04-19T09:49:09","modified_gmt":"2024-04-19T09:49:09","slug":"recharge-dans-les-facilities","status":"publish","type":"page","link":"https:\/\/travel.evway.net\/fr\/recharge-dans-les-facilities\/","title":{"rendered":"Point de recharge en Facilit\u00e9s"},"content":{"rendered":"<div class=\"wpb-content-wrapper\"><p>[vc_row row_type=\u00a0\u00bbrow\u00a0\u00bb use_row_as_full_screen_section=\u00a0\u00bbno\u00a0\u00bb type=\u00a0\u00bbfull_width\u00a0\u00bb text_align=\u00a0\u00bbleft\u00a0\u00bb background_animation=\u00a0\u00bbnone\u00a0\u00bb css_animation=\u00a0\u00bb\u00a0\u00bb][vc_column][vc_empty_space height=\u00a0\u00bb15&Prime;][\/vc_column][\/vc_row][vc_row row_type=\u00a0\u00bbrow\u00a0\u00bb use_row_as_full_screen_section=\u00a0\u00bbno\u00a0\u00bb type=\u00a0\u00bbfull_width\u00a0\u00bb text_align=\u00a0\u00bbleft\u00a0\u00bb background_animation=\u00a0\u00bbnone\u00a0\u00bb css_animation=\u00a0\u00bb\u00a0\u00bb][vc_column][vc_column_text]<\/p>\n<h1 style=\"text-align: center;\"><span style=\"font-size: 24pt; color: #333333;\">G\u00c9REZ-VOUS UNE STRUCTURE D&rsquo;H\u00c9BERGEMENT?<\/span><\/h1>\n<p>[\/vc_column_text][vc_column_text]<\/p>\n<h1 style=\"text-align: center;\"><span style=\"color: #333333;\"><span style=\"font-size: 18pt;\">10 BONNES RAISONS d&rsquo;installer une borne de recharge avec evway Travel Network :<\/span><\/span><\/h1>\n<p>[\/vc_column_text][vc_empty_space][\/vc_column][\/vc_row][vc_row row_type=\u00a0\u00bbrow\u00a0\u00bb use_row_as_full_screen_section=\u00a0\u00bbno\u00a0\u00bb type=\u00a0\u00bbfull_width\u00a0\u00bb text_align=\u00a0\u00bbleft\u00a0\u00bb background_animation=\u00a0\u00bbnone\u00a0\u00bb css_animation=\u00a0\u00bb\u00a0\u00bb][vc_column][vc_empty_space height=\u00a0\u00bb40&Prime; css=\u00a0\u00bb.vc_custom_1712671728208{background-image: url(https:\/\/travel.evway.net\/wp-content\/uploads\/2023\/03\/sfondo-trentino-card-back-copia-scaled-e1678457993970.jpg?id=28937) !important;background-position: center !important;background-repeat: no-repeat !important;background-size: cover !important;}\u00a0\u00bb][vc_column_text]<\/p>\n<p style=\"text-align: center;\"><div class=\"wp-block-cakewp-block-slider alignfull block-slider blockslider-has-styles blockslider-opacity-60 blockslider-slides-opacity-100 blockslider-post-29070 blockslider-uid-85f9cb\"><div class=\"blockslider-slider-wrapper\" data-noofslides=\"1\" data-spacebetween=\"10\" data-speed=\"400\" data-navigation=\"true\" data-pagination=\"true\" data-autoplay=\"true\" data-delay=\"2000\" data-autoplayonhover=\"false\" data-loop=\"true\" data-keyboardnavigation=\"false\" data-effect=\"slide\" data-autoheight=\"true\" data-allowtouchmove=\"true\"><div class=\"blockslider-wrapper\">\n<div class=\"wp-block-cakewp-block-slide blockslider-slide blockslider-has-styles blockslider-vertically-aligned-center blockslider-uid-cc245b\"><div class=\"blockslider-slide-inner-wrapper blockslider__inner-container\">\n<h2 class=\"has-text-align-left wp-block-heading\">1. Aumenta i Guadagni<\/h2>\n\n\n\n<p class=\"has-text-align-left\">Con evway travel network hai pi\u00f9 libert\u00e0\u00a0sulle tariffe di ricarica delle tue colonnine. Questo ti permette di personalizzare in autonomia le tariffe delle colonnine al Kw\/h sulla base del provider energetico a cui sono allacciate.<\/p>\n<\/div><\/div>\n\n\n\n<div class=\"wp-block-cakewp-block-slide blockslider-slide blockslider-has-styles blockslider-vertically-aligned-center blockslider-uid-dc81d7\"><div class=\"blockslider-slide-inner-wrapper blockslider__inner-container\">\n<h2 class=\"has-text-align-left wp-block-heading\">2. Monitora i Consumi<\/h2>\n\n\n\n<p class=\"has-text-align-left\">La piattaforma dedicata di evway \u00e8 collegata al tuo hub di ricarica interoperabile. Questo ti consente di monitorare spese e costi in tempo reale e ricevere comodamente un&rsquo;unica fattura mensile.<\/p>\n<\/div><\/div>\n\n\n\n<div class=\"wp-block-cakewp-block-slide blockslider-slide blockslider-has-styles blockslider-vertically-aligned-center blockslider-uid-dc81d7\"><div class=\"blockslider-slide-inner-wrapper blockslider__inner-container\">\n<h2 class=\"has-text-align-left wp-block-heading\">3. Pi\u00f9 visibilit\u00e0 alla tua Struttura<\/h2>\n\n\n\n<p class=\"has-text-align-left\">Cattura l&rsquo;attenzione dei viaggiatori online e aumenta la tua presenza sulle piattaforme di prenotazione e ricarica. Tra queste l&rsquo;App di ricarica e mappa in Italia, Europa e Nord America: evway con oltre 60.000 utenti.<\/p>\n<\/div><\/div>\n\n\n\n<div class=\"wp-block-cakewp-block-slide blockslider-slide blockslider-has-styles blockslider-vertically-aligned-center blockslider-uid-dc81d7\"><div class=\"blockslider-slide-inner-wrapper blockslider__inner-container\">\n<h2 class=\"has-text-align-left wp-block-heading\">4. Anticipa le Esigenze degli Ospiti<\/h2>\n\n\n\n<p class=\"has-text-align-left\">Cattura l&rsquo;attenzione dei viaggiatori online e aumenta la tua presenza sulle piattaforme di prenotazione e ricarica. Tra queste l&rsquo;App di ricarica e mappa in Italia, Europa e Nord America: evway con oltre 60.000 utenti.<\/p>\n<\/div><\/div>\n\n\n\n<div class=\"wp-block-cakewp-block-slide blockslider-slide blockslider-has-styles blockslider-vertically-aligned-center blockslider-uid-dc81d7\"><div class=\"blockslider-slide-inner-wrapper blockslider__inner-container\">\n<h2 class=\"has-text-align-left wp-block-heading\">5. Aggiungi Valore alla tua Attivit\u00e0<\/h2>\n\n\n\n<p class=\"has-text-align-left\">Disporre di un punto di ricarica significa essere attenti all&rsquo;ambiente e rafforza l&rsquo;immagine della tua attivit\u00e0 al passo con il tema attuale e prioritario della Sostenibilit\u00e0 contribuendo e supportando la mobilit\u00e0 a Zero Emissioni.<\/p>\n<\/div><\/div>\n\n\n\n<div class=\"wp-block-cakewp-block-slide blockslider-slide blockslider-has-styles blockslider-vertically-aligned-center blockslider-uid-638395\"><div class=\"blockslider-slide-inner-wrapper blockslider__inner-container\">\n<h2 class=\"has-text-align-left wp-block-heading\">6. Prolunga la Permanenza dei tuoi Ospiti<\/h2>\n\n\n\n<p class=\"has-text-align-left\">Durante la ricarica dell&rsquo;auto, potranno usufruire dei servizi in struttura come ristoranti, bar, piscine o centri benessere, aumentando le entrate e migliorando la loro esperienza.<\/p>\n<\/div><\/div>\n\n\n\n<div class=\"wp-block-cakewp-block-slide blockslider-slide blockslider-has-styles blockslider-vertically-aligned-center blockslider-uid-dc81d7\"><div class=\"blockslider-slide-inner-wrapper blockslider__inner-container\">\n<h2 class=\"has-text-align-left wp-block-heading\">7. Aumenta la clientela complementare<\/h2>\n\n\n\n<p class=\"has-text-align-left\">I servizi complementari dell&rsquo;albergo diventano appetibili anche per coloro che, non pernottando, decidono in base ai tempi di ricarica e quindi alla colonnina di ricarica presente. Anche questo contribuisce ad aumentare la clientela della tua Struttura, puoi chiederci pi\u00f9 informazioni sul progetto di infrastrutturazione scrivendo direttamente <a href=\"mailto:comunicazione@evway.net\">qui<\/a>!<\/p>\n<\/div><\/div>\n\n\n\n<div class=\"wp-block-cakewp-block-slide blockslider-slide blockslider-has-styles blockslider-vertically-aligned-center blockslider-uid-dc81d7\"><div class=\"blockslider-slide-inner-wrapper blockslider__inner-container\">\n<h2 class=\"has-text-align-left wp-block-heading\">8. Collega il tuo Marchio alla Sostenibilit\u00e0<\/h2>\n\n\n\n<p class=\"has-text-align-left\">L&rsquo;installazione di una colonnina di ricarica per veicoli elettrici non solo risponde alla crescente domanda di mobilit\u00e0 sostenibile, ma rappresenta anche un&rsquo;opportunit\u00e0 unica per posizionare il marchio dell&rsquo;hotel nell&rsquo;ambito della sostenibilit\u00e0 e della responsabilit\u00e0 ambientale.<\/p>\n<\/div><\/div>\n\n\n\n<div class=\"wp-block-cakewp-block-slide blockslider-slide blockslider-has-styles blockslider-vertically-aligned-center blockslider-uid-dc81d7\"><div class=\"blockslider-slide-inner-wrapper blockslider__inner-container\">\n<h2 class=\"has-text-align-left wp-block-heading\">9. Entri in tappe e percorsi tematici<\/h2>\n\n\n\n<p class=\"has-text-align-left\">Entra a far parte di itinerari tematici eco-sostenibili e aumenta la portata della tua vibilit\u00e0! Tra questi entrerai nella rete di strutture di evway travel network e nella mappa dell&rsquo;app evway, scaricata da oltre 60.000 utenti.<\/p>\n<\/div><\/div>\n\n\n\n<div class=\"wp-block-cakewp-block-slide blockslider-slide blockslider-has-styles blockslider-vertically-aligned-center blockslider-uid-dc81d7\"><div class=\"blockslider-slide-inner-wrapper blockslider__inner-container\">\n<h2 class=\"has-text-align-left wp-block-heading\">10. Sei pi\u00f9 vicino ai tuoi Ospiti<\/h2>\n\n\n\n<p class=\"has-text-align-left\">Investi nella soddisfazione del cliente e nella sua esperienza per garantire un ritorno significativo e la fidelizzazione dei tuoi ospiti.<\/p>\n<\/div><\/div>\n<\/div><\/div><div class=\"blockslider-navigation-wrapper blockslider-justify-space-between blockslider-vertical-center\"><button class=\"blockslider-prev-btn\"><svg xmlns=\"http:\/\/www.w3.org\/2000\/svg\" width=\"24\" height=\"24\" viewbox=\"0 0 20 20\" fill=\"none\" aria-hidden=\"true\"><path d=\"M13 14L7 9.97L13 6V14Z\" fill=\"black\"><\/path><\/svg><\/button><button class=\"blockslider-next-btn\"><svg xmlns=\"http:\/\/www.w3.org\/2000\/svg\" width=\"24\" height=\"24\" viewbox=\"0 0 20 20\" fill=\"none\" aria-hidden=\"true\"><path d=\"M8 6L14 10.03L8 14V6Z\" fill=\"black\"><\/path><\/svg><\/button><\/div><div class=\"blockslider-pagination-wrapper blockslider-justify-center blockslider-vertical-bottom\"><div class=\"blockslider-pagination-main blockslider-pagination blockslider-orientation-horizontal blockslider-pagination-circle\"><\/div><\/div><\/div>\n<p>[\/vc_column_text][vc_empty_space height=\u00a0\u00bb40&Prime; css=\u00a0\u00bb.vc_custom_1712671728208{background-image: url(https:\/\/travel.evway.net\/wp-content\/uploads\/2023\/03\/sfondo-trentino-card-back-copia-scaled-e1678457993970.jpg?id=28937) !important;background-position: center !important;background-repeat: no-repeat !important;background-size: cover !important;}\u00a0\u00bb][\/vc_column][\/vc_row][vc_row row_type=\u00a0\u00bbrow\u00a0\u00bb use_row_as_full_screen_section=\u00a0\u00bbno\u00a0\u00bb type=\u00a0\u00bbfull_width\u00a0\u00bb text_align=\u00a0\u00bbcenter\u00a0\u00bb background_animation=\u00a0\u00bbnone\u00a0\u00bb css_animation=\u00a0\u00bb\u00a0\u00bb][vc_column][vc_empty_space height=\u00a0\u00bb40&Prime;]<a href=\"https:\/\/travel.evway.net\/wp-content\/uploads\/2023\/12\/evway-Travel-Network-ITA.pdf\" target=\"_self\"  class=\"qbutton  medium inherit\" style=\"\">POUR EN SAVOIR PLUS ..T\u00c9L\u00c9CHARGEZ LA BROCHURE!<\/a>[vc_empty_space height=\u00a0\u00bb40&Prime;][\/vc_column][\/vc_row][vc_row row_type=\u00a0\u00bbrow\u00a0\u00bb use_row_as_full_screen_section=\u00a0\u00bbno\u00a0\u00bb type=\u00a0\u00bbfull_width\u00a0\u00bb text_align=\u00a0\u00bbleft\u00a0\u00bb background_animation=\u00a0\u00bbnone\u00a0\u00bb css_animation=\u00a0\u00bb\u00a0\u00bb][vc_column][vc_empty_space height=\u00a0\u00bb20&Prime;][vc_column_text]<\/p>\n<p style=\"text-align: center;\"><span style=\"color: #333333;\">Qu&rsquo;attendez-vous?<\/span><br \/>\n<span style=\"font-size: 18pt; color: #333333;\">Devenez un point de r\u00e9f\u00e9rence pour le tourisme durable<\/span><\/p>\n<p>[\/vc_column_text][vc_empty_space height=\u00a0\u00bb20&Prime;][\/vc_column][\/vc_row][vc_row row_type=\u00a0\u00bbparallax\u00a0\u00bb text_align=\u00a0\u00bbcenter\u00a0\u00bb background_image=\u00a0\u00bb29001&Prime; full_screen_section_height=\u00a0\u00bbno\u00a0\u00bb css=\u00a0\u00bb.vc_custom_1713429723940{background-image: url(https:\/\/travel.evway.net\/wp-content\/uploads\/2022\/11\/Castel-Trauttmansdorff-ok.jpg?id=28201) !important;background-position: center !important;background-repeat: no-repeat !important;background-size: cover !important;}\u00a0\u00bb][vc_column width=\u00a0\u00bb1\/2&Prime; css=\u00a0\u00bb.vc_custom_1712676407045{border-right-width: 30px !important;border-bottom-width: 30px !important;border-left-width: 30px !important;background-color: #ffffff !important;}\u00a0\u00bb][vc_column_text css=\u00a0\u00bb.vc_custom_1712676350995{background-color: #ffffff !important;background-position: center !important;background-repeat: no-repeat !important;background-size: contain !important;}\u00a0\u00bb]<\/p>\n<p>Il attire non seulement ceux qui roulent \u00e0 l&rsquo;\u00e9lectricit\u00e9, mais aussi tous ceux qui se soucient de la durabilit\u00e9&#8230; vous n&rsquo;y croyez pas ?<\/p>\n<p>Lisez notre discours au plus grand salon du tourisme d&rsquo;Italie, Rimini TTG, donn\u00e9es en main !<\/p>\n<p>[\/vc_column_text][vc_empty_space height=\u00a0\u00bb20&Prime;]<a href=\"https:\/\/evway.net\/notizie\/route220-al-ttg\/\" target=\"_blank\"  class=\"qbutton  medium inherit\" style=\"font-style: normal; \">LIRE L'ARTICLE<\/a>[vc_empty_space height=\u00a0\u00bb40&Prime;][\/vc_column][vc_column width=\u00a0\u00bb1\/2&Prime;][vc_empty_space height=\u00a0\u00bb220&Prime;][vc_empty_space height=\u00a0\u00bb120&Prime;][\/vc_column][\/vc_row][vc_row row_type=\u00a0\u00bbrow\u00a0\u00bb use_row_as_full_screen_section=\u00a0\u00bbno\u00a0\u00bb type=\u00a0\u00bbfull_width\u00a0\u00bb text_align=\u00a0\u00bbcenter\u00a0\u00bb background_animation=\u00a0\u00bbnone\u00a0\u00bb css_animation=\u00a0\u00bb\u00a0\u00bb][vc_column][vc_empty_space height=\u00a0\u00bb100&Prime;][\/vc_column][\/vc_row]<\/p>\n<\/div>","protected":false},"excerpt":{"rendered":"<p>[vc_row row_type=\u00a0\u00bbrow\u00a0\u00bb use_row_as_full_screen_section=\u00a0\u00bbno\u00a0\u00bb type=\u00a0\u00bbfull_width\u00a0\u00bb text_align=\u00a0\u00bbleft\u00a0\u00bb background_animation=\u00a0\u00bbnone\u00a0\u00bb css_animation=\u00a0\u00bb\u00a0\u00bb][vc_column][vc_empty_space height=\u00a0\u00bb15&Prime;][\/vc_column][\/vc_row][vc_row row_type=\u00a0\u00bbrow\u00a0\u00bb use_row_as_full_screen_section=\u00a0\u00bbno\u00a0\u00bb type=\u00a0\u00bbfull_width\u00a0\u00bb text_align=\u00a0\u00bbleft\u00a0\u00bb background_animation=\u00a0\u00bbnone\u00a0\u00bb css_animation=\u00a0\u00bb\u00a0\u00bb][vc_column][vc_column_text] G\u00c9REZ-VOUS UNE STRUCTURE D&rsquo;H\u00c9BERGEMENT? [\/vc_column_text][vc_column_text] 10 BONNES RAISONS d&rsquo;installer une borne de recharge avec evway Travel Network : [\/vc_column_text][vc_empty_space][\/vc_column][\/vc_row][vc_row row_type=\u00a0\u00bbrow\u00a0\u00bb use_row_as_full_screen_section=\u00a0\u00bbno\u00a0\u00bb type=\u00a0\u00bbfull_width\u00a0\u00bb text_align=\u00a0\u00bbleft\u00a0\u00bb background_animation=\u00a0\u00bbnone\u00a0\u00bb css_animation=\u00a0\u00bb\u00a0\u00bb][vc_column][vc_empty_space height=\u00a0\u00bb40&Prime; css=\u00a0\u00bb.vc_custom_1712671728208{background-image: url(https:\/\/travel.evway.net\/wp-content\/uploads\/2023\/03\/sfondo-trentino-card-back-copia-scaled-e1678457993970.jpg?id=28937) !important;background-position: center !important;background-repeat:&#8230;<\/p>\n","protected":false},"author":1,"featured_media":28939,"parent":0,"menu_order":0,"comment_status":"closed","ping_status":"closed","template":"","meta":{"footnotes":""},"yoast_head":"<!-- This site is optimized with the Yoast SEO plugin v19.13 - https:\/\/yoast.com\/wordpress\/plugins\/seo\/ -->\n<title>10 Raisons d&#039;installer une borne de recharge avec evway<\/title>\n<meta name=\"description\" content=\"D\u00e9couvrez pourquoi vous devriez avoir une borne de recharge dans votre \u00e9tablissement d&#039;accueil et comment l&#039;obtenir. T\u00e9l\u00e9charger le guide complet.\" \/>\n<meta name=\"robots\" content=\"index, follow, max-snippet:-1, max-image-preview:large, max-video-preview:-1\" \/>\n<link rel=\"canonical\" href=\"https:\/\/travel.evway.net\/fr\/recharge-dans-les-facilities\/\" \/>\n<meta property=\"og:locale\" content=\"fr_FR\" \/>\n<meta property=\"og:type\" content=\"article\" \/>\n<meta property=\"og:title\" content=\"10 Raisons d&#039;installer une borne de recharge avec evway\" \/>\n<meta property=\"og:description\" content=\"D\u00e9couvrez pourquoi vous devriez avoir une borne de recharge dans votre \u00e9tablissement d&#039;accueil et comment l&#039;obtenir. T\u00e9l\u00e9charger le guide complet.\" \/>\n<meta property=\"og:url\" content=\"https:\/\/travel.evway.net\/fr\/recharge-dans-les-facilities\/\" \/>\n<meta property=\"og:site_name\" content=\"evway Travel Network\" \/>\n<meta property=\"article:publisher\" content=\"https:\/\/www.facebook.com\/goevway\/\" \/>\n<meta property=\"article:modified_time\" content=\"2024-04-19T09:49:09+00:00\" \/>\n<meta property=\"og:image\" content=\"https:\/\/travel.evway.net\/wp-content\/uploads\/2023\/03\/sfondo-trentino-card-back-copia-scaled-e1678457993970.jpg\" \/>\n\t<meta property=\"og:image:width\" content=\"2560\" \/>\n\t<meta property=\"og:image:height\" content=\"1969\" \/>\n\t<meta property=\"og:image:type\" content=\"image\/jpeg\" \/>\n<meta name=\"twitter:card\" content=\"summary_large_image\" \/>\n<meta name=\"twitter:label1\" content=\"Dur\u00e9e de lecture estim\u00e9e\" \/>\n\t<meta name=\"twitter:data1\" content=\"1 minute\" \/>\n<script type=\"application\/ld+json\" class=\"yoast-schema-graph\">{\"@context\":\"https:\/\/schema.org\",\"@graph\":[{\"@type\":\"WebPage\",\"@id\":\"https:\/\/travel.evway.net\/fr\/recharge-dans-les-facilities\/\",\"url\":\"https:\/\/travel.evway.net\/fr\/recharge-dans-les-facilities\/\",\"name\":\"10 Raisons d'installer une borne de recharge avec evway\",\"isPartOf\":{\"@id\":\"https:\/\/travel.evway.net\/fr\/#website\"},\"datePublished\":\"2023-12-01T14:32:48+00:00\",\"dateModified\":\"2024-04-19T09:49:09+00:00\",\"description\":\"D\u00e9couvrez pourquoi vous devriez avoir une borne de recharge dans votre \u00e9tablissement d'accueil et comment l'obtenir. T\u00e9l\u00e9charger le guide complet.\",\"breadcrumb\":{\"@id\":\"https:\/\/travel.evway.net\/fr\/recharge-dans-les-facilities\/#breadcrumb\"},\"inLanguage\":\"fr-FR\",\"potentialAction\":[{\"@type\":\"ReadAction\",\"target\":[\"https:\/\/travel.evway.net\/fr\/recharge-dans-les-facilities\/\"]}]},{\"@type\":\"BreadcrumbList\",\"@id\":\"https:\/\/travel.evway.net\/fr\/recharge-dans-les-facilities\/#breadcrumb\",\"itemListElement\":[{\"@type\":\"ListItem\",\"position\":1,\"name\":\"Home\",\"item\":\"https:\/\/travel.evway.net\/fr\/\"},{\"@type\":\"ListItem\",\"position\":2,\"name\":\"Point de recharge en Facilit\u00e9s\"}]},{\"@type\":\"WebSite\",\"@id\":\"https:\/\/travel.evway.net\/fr\/#website\",\"url\":\"https:\/\/travel.evway.net\/fr\/\",\"name\":\"evway Travel Network\",\"description\":\"Charge your Car, Live your Life\",\"publisher\":{\"@id\":\"https:\/\/travel.evway.net\/fr\/#organization\"},\"potentialAction\":[{\"@type\":\"SearchAction\",\"target\":{\"@type\":\"EntryPoint\",\"urlTemplate\":\"https:\/\/travel.evway.net\/fr\/?s={search_term_string}\"},\"query-input\":\"required name=search_term_string\"}],\"inLanguage\":\"fr-FR\"},{\"@type\":\"Organization\",\"@id\":\"https:\/\/travel.evway.net\/fr\/#organization\",\"name\":\"evway travel network\",\"url\":\"https:\/\/travel.evway.net\/fr\/\",\"logo\":{\"@type\":\"ImageObject\",\"inLanguage\":\"fr-FR\",\"@id\":\"https:\/\/travel.evway.net\/fr\/#\/schema\/logo\/image\/\",\"url\":\"https:\/\/travel.evway.net\/wp-content\/uploads\/2020\/09\/LOGO_ETN.png\",\"contentUrl\":\"https:\/\/travel.evway.net\/wp-content\/uploads\/2020\/09\/LOGO_ETN.png\",\"width\":3333,\"height\":3333,\"caption\":\"evway travel network\"},\"image\":{\"@id\":\"https:\/\/travel.evway.net\/fr\/#\/schema\/logo\/image\/\"},\"sameAs\":[\"https:\/\/www.instagram.com\/evway\/?hl=it\",\"https:\/\/www.facebook.com\/goevway\/\"]}]}<\/script>\n<!-- \/ Yoast SEO plugin. -->","yoast_head_json":{"title":"10 Raisons d'installer une borne de recharge avec evway","description":"D\u00e9couvrez pourquoi vous devriez avoir une borne de recharge dans votre \u00e9tablissement d'accueil et comment l'obtenir. T\u00e9l\u00e9charger le guide complet.","robots":{"index":"index","follow":"follow","max-snippet":"max-snippet:-1","max-image-preview":"max-image-preview:large","max-video-preview":"max-video-preview:-1"},"canonical":"https:\/\/travel.evway.net\/fr\/recharge-dans-les-facilities\/","og_locale":"fr_FR","og_type":"article","og_title":"10 Raisons d'installer une borne de recharge avec evway","og_description":"D\u00e9couvrez pourquoi vous devriez avoir une borne de recharge dans votre \u00e9tablissement d'accueil et comment l'obtenir. T\u00e9l\u00e9charger le guide complet.","og_url":"https:\/\/travel.evway.net\/fr\/recharge-dans-les-facilities\/","og_site_name":"evway Travel Network","article_publisher":"https:\/\/www.facebook.com\/goevway\/","article_modified_time":"2024-04-19T09:49:09+00:00","og_image":[{"width":2560,"height":1969,"url":"https:\/\/travel.evway.net\/wp-content\/uploads\/2023\/03\/sfondo-trentino-card-back-copia-scaled-e1678457993970.jpg","type":"image\/jpeg"}],"twitter_card":"summary_large_image","twitter_misc":{"Dur\u00e9e de lecture estim\u00e9e":"1 minute"},"schema":{"@context":"https:\/\/schema.org","@graph":[{"@type":"WebPage","@id":"https:\/\/travel.evway.net\/fr\/recharge-dans-les-facilities\/","url":"https:\/\/travel.evway.net\/fr\/recharge-dans-les-facilities\/","name":"10 Raisons d'installer une borne de recharge avec evway","isPartOf":{"@id":"https:\/\/travel.evway.net\/fr\/#website"},"datePublished":"2023-12-01T14:32:48+00:00","dateModified":"2024-04-19T09:49:09+00:00","description":"D\u00e9couvrez pourquoi vous devriez avoir une borne de recharge dans votre \u00e9tablissement d'accueil et comment l'obtenir. T\u00e9l\u00e9charger le guide complet.","breadcrumb":{"@id":"https:\/\/travel.evway.net\/fr\/recharge-dans-les-facilities\/#breadcrumb"},"inLanguage":"fr-FR","potentialAction":[{"@type":"ReadAction","target":["https:\/\/travel.evway.net\/fr\/recharge-dans-les-facilities\/"]}]},{"@type":"BreadcrumbList","@id":"https:\/\/travel.evway.net\/fr\/recharge-dans-les-facilities\/#breadcrumb","itemListElement":[{"@type":"ListItem","position":1,"name":"Home","item":"https:\/\/travel.evway.net\/fr\/"},{"@type":"ListItem","position":2,"name":"Point de recharge en Facilit\u00e9s"}]},{"@type":"WebSite","@id":"https:\/\/travel.evway.net\/fr\/#website","url":"https:\/\/travel.evway.net\/fr\/","name":"evway Travel Network","description":"Charge your Car, Live your Life","publisher":{"@id":"https:\/\/travel.evway.net\/fr\/#organization"},"potentialAction":[{"@type":"SearchAction","target":{"@type":"EntryPoint","urlTemplate":"https:\/\/travel.evway.net\/fr\/?s={search_term_string}"},"query-input":"required name=search_term_string"}],"inLanguage":"fr-FR"},{"@type":"Organization","@id":"https:\/\/travel.evway.net\/fr\/#organization","name":"evway travel network","url":"https:\/\/travel.evway.net\/fr\/","logo":{"@type":"ImageObject","inLanguage":"fr-FR","@id":"https:\/\/travel.evway.net\/fr\/#\/schema\/logo\/image\/","url":"https:\/\/travel.evway.net\/wp-content\/uploads\/2020\/09\/LOGO_ETN.png","contentUrl":"https:\/\/travel.evway.net\/wp-content\/uploads\/2020\/09\/LOGO_ETN.png","width":3333,"height":3333,"caption":"evway travel network"},"image":{"@id":"https:\/\/travel.evway.net\/fr\/#\/schema\/logo\/image\/"},"sameAs":["https:\/\/www.instagram.com\/evway\/?hl=it","https:\/\/www.facebook.com\/goevway\/"]}]}},"_links":{"self":[{"href":"https:\/\/travel.evway.net\/fr\/wp-json\/wp\/v2\/pages\/29012"}],"collection":[{"href":"https:\/\/travel.evway.net\/fr\/wp-json\/wp\/v2\/pages"}],"about":[{"href":"https:\/\/travel.evway.net\/fr\/wp-json\/wp\/v2\/types\/page"}],"author":[{"embeddable":true,"href":"https:\/\/travel.evway.net\/fr\/wp-json\/wp\/v2\/users\/1"}],"replies":[{"embeddable":true,"href":"https:\/\/travel.evway.net\/fr\/wp-json\/wp\/v2\/comments?post=29012"}],"version-history":[{"count":4,"href":"https:\/\/travel.evway.net\/fr\/wp-json\/wp\/v2\/pages\/29012\/revisions"}],"predecessor-version":[{"id":29109,"href":"https:\/\/travel.evway.net\/fr\/wp-json\/wp\/v2\/pages\/29012\/revisions\/29109"}],"wp:featuredmedia":[{"embeddable":true,"href":"https:\/\/travel.evway.net\/fr\/wp-json\/wp\/v2\/media\/28939"}],"wp:attachment":[{"href":"https:\/\/travel.evway.net\/fr\/wp-json\/wp\/v2\/media?parent=29012"}],"curies":[{"name":"wp","href":"https:\/\/api.w.org\/{rel}","templated":true}]}}