{"id":29319,"date":"2023-12-06T11:10:29","date_gmt":"2023-12-06T11:10:29","guid":{"rendered":"https:\/\/travel.evway.net\/home\/"},"modified":"2024-06-18T09:26:27","modified_gmt":"2024-06-18T09:26:27","slug":"home","status":"publish","type":"page","link":"https:\/\/travel.evway.net\/es\/","title":{"rendered":"Home"},"content":{"rendered":"<div class=\"wpb-content-wrapper\"><p>[vc_row row_type=\u00bbrow\u00bb use_row_as_full_screen_section=\u00bbno\u00bb type=\u00bbgrid\u00bb text_align=\u00bbleft\u00bb background_animation=\u00bbnone\u00bb padding_top=\u00bb80&#8243; padding_bottom=\u00bb50&#8243; css_animation=\u00bb\u00bb][vc_column offset=\u00bbvc_col-lg-12 vc_col-md-5&#8243;][vc_column_text css=\u00bb.vc_custom_1557914666724{background-position: center !important;background-repeat: no-repeat !important;background-size: cover !important;}\u00bb]<\/p>\n<div id=\"page-container\" class=\"et-animated-content\">\n<div id=\"et-main-area\">\n<div id=\"main-content\">\n<article id=\"post-1148\" class=\"post-1148 page type-page status-publish hentry\">\n<div class=\"entry-content\">\n<div id=\"et-boc\" class=\"et-boc\">\n<div class=\"et_builder_inner_content et_pb_gutters3\">\n<div class=\"et_pb_section et_pb_section_1 et_section_regular\">\n<div class=\"et_pb_row et_pb_row_0\">\n<div class=\"et_pb_column et_pb_column_4_4 et_pb_column_0 et_pb_css_mix_blend_mode_passthrough et-last-child\">\n<div class=\"et_pb_module et_pb_text et_pb_text_0 et_pb_bg_layout_light et_pb_text_align_justify\">\n<div class=\"et_pb_text_inner\">\n<h2><span style=\"color: #4b4b4b;\"><strong><span style=\"font-size: 18pt;\">\u201cSiempre que viajes, vayas donde vayas, recuerda respetar la naturaleza, respetar la cultura y respetar a tu anfitri\u00f3n. T\u00fa mismo puedes representar el cambio que quieres ver en el mundo. Puedes ser embajador de un futuro mejor. VIAJA. VIVE. RESPETA.<span class=\"\">\u201d<\/span><\/span><\/strong><\/span><\/h2>\n<\/div>\n<\/div>\n<\/div>\n<\/div>\n<\/div>\n<\/div>\n<\/div>\n<\/div>\n<\/article>\n<\/div>\n<\/div>\n<\/div>\n<p>[\/vc_column_text][vc_empty_space height=\u00bb30px\u00bb][vc_column_text]<\/p>\n<h4 style=\"text-align: right;\"><em>Taleb Rifai, UNWTO Secretary-General<\/em><\/h4>\n<p>[\/vc_column_text][\/vc_column][\/vc_row][vc_row row_type=\u00bbrow\u00bb use_row_as_full_screen_section=\u00bbno\u00bb type=\u00bbgrid\u00bb text_align=\u00bbleft\u00bb background_animation=\u00bbnone\u00bb padding_top=\u00bb108&#8243; padding_bottom=\u00bb78&#8243; css_animation=\u00bb\u00bb][vc_column offset=\u00bbvc_col-lg-12 vc_col-md-5&#8243;][vc_column_text]<\/p>\n<h2 style=\"text-align: center;\">\u00a1El protagonista eres T\u00fa!<\/h2>\n<p style=\"text-align: center;\"><span style=\"font-size: 14pt;\">Si quiere experimentar viajes y vacaciones sostenibles,<\/span><\/p>\n<p style=\"text-align: center;\"><span style=\"color: #4b4b4b; font-size: 14pt;\"><strong><span style=\"color: #ffbf3b;\">evway Travel Network <\/span><\/strong><\/span><span style=\"font-size: 14pt;\">es su compa\u00f1ero de viaje ideal.<\/span><\/p>\n<p style=\"text-align: center;\"><span style=\"font-size: 14pt;\">Encuentra tus lugares favoritos en la <\/span><span style=\"color: #4b4b4b; font-size: 14pt;\"><a style=\"color: #4b4b4b;\" href=\"http:\/\/www.evway.net\/app\"><span style=\"text-decoration: underline;\"><strong><span style=\"color: #ffbf3b; text-decoration: underline;\">aplicaci\u00f3n\u00a0 evway<\/span><\/strong><\/span><\/a><\/span><span style=\"font-size: 14pt;\">, reserve su estancia<br \/>\ny pase sus vacaciones en un establecimiento asociado a la red de viajes<\/span><span style=\"font-size: 14pt;\">\u00a0<\/span><span style=\"color: #4b4b4b; font-size: 14pt;\"><strong><span style=\"color: #ffbf3b;\">evway Travel Network\u00a0<\/span><\/strong><\/span><\/p>\n<p>[\/vc_column_text][vc_empty_space height=\u00bb60px\u00bb]<div class='qode_carousels_holder clearfix hover_second_image'><div class='qode_carousels ' data-number_of_items = 5><ul class='slides'>Sorry, no posts matched your criteria.<\/ul><\/div><\/div>[vc_row_inner row_type=\u00bbrow\u00bb type=\u00bbfull_width\u00bb use_row_as_full_screen_section_slide=\u00bbno\u00bb text_align=\u00bbcenter\u00bb css_animation=\u00bb\u00bb css=\u00bb.vc_custom_1701791609427{background-image: url(https:\/\/travel.evway.net\/wp-content\/uploads\/2022\/11\/Parco-Naturale-Sciliar-Catinaccio-2.jpeg?id=28181) !important;}\u00bb][vc_column_inner width=\u00bb1\/2&#8243; css=\u00bb.vc_custom_1701791703556{border-top-width: 10px !important;border-right-width: 10px !important;border-bottom-width: 10px !important;border-left-width: 10px !important;background-color: #ffffff !important;}\u00bb][vc_column_text]<\/p>\n<h3 style=\"text-align: center;\">Viaje con la<br \/>\nPRIMERA GU\u00cdA DEL MUNDO<br \/>\npara conductores el\u00e9ctricos<\/h3>\n<p style=\"text-align: center;\">La Gu\u00eda 2024 que le acompa\u00f1a en sus viajes,<\/p>\n<p style=\"text-align: center;\">para que viva una experiencia sin preocupaciones&#8230; \u00a1Descubra m\u00e1s y solicite su ejemplar!<\/p>\n<p>[\/vc_column_text]<a href=\"mailto:comunicazione@evway.net\" target=\"_self\"  class=\"qbutton  medium\" style=\"\">CLICK HERE<\/a>[vc_empty_space height=\u00bb20px\u00bb][\/vc_column_inner][vc_column_inner width=\u00bb1\/2&#8243;][vc_column_text]<\/p>\n<p style=\"text-align: center;\"><img loading=\"lazy\" decoding=\"async\" class=\"aligncenter wp-image-29045\" src=\"https:\/\/travel.evway.net\/wp-content\/uploads\/2023\/12\/Mockup-Copertina-Fronte-OK-ENG.png\" alt=\"\" width=\"300\" height=\"443\" srcset=\"https:\/\/travel.evway.net\/wp-content\/uploads\/2023\/12\/Mockup-Copertina-Fronte-OK-ENG.png 1692w, https:\/\/travel.evway.net\/wp-content\/uploads\/2023\/12\/Mockup-Copertina-Fronte-OK-ENG-203x300.png 203w, https:\/\/travel.evway.net\/wp-content\/uploads\/2023\/12\/Mockup-Copertina-Fronte-OK-ENG-693x1024.png 693w, https:\/\/travel.evway.net\/wp-content\/uploads\/2023\/12\/Mockup-Copertina-Fronte-OK-ENG-768x1135.png 768w, https:\/\/travel.evway.net\/wp-content\/uploads\/2023\/12\/Mockup-Copertina-Fronte-OK-ENG-1040x1536.png 1040w, https:\/\/travel.evway.net\/wp-content\/uploads\/2023\/12\/Mockup-Copertina-Fronte-OK-ENG-1386x2048.png 1386w, https:\/\/travel.evway.net\/wp-content\/uploads\/2023\/12\/Mockup-Copertina-Fronte-OK-ENG-700x1034.png 700w, https:\/\/travel.evway.net\/wp-content\/uploads\/2023\/12\/Mockup-Copertina-Fronte-OK-ENG-1100x1625.png 1100w\" sizes=\"(max-width: 300px) 100vw, 300px\" \/><\/p>\n<p>[\/vc_column_text][\/vc_column_inner][\/vc_row_inner][\/vc_column][\/vc_row]<\/p>\n<\/div>","protected":false},"excerpt":{"rendered":"<p>[vc_row row_type=\u00bbrow\u00bb use_row_as_full_screen_section=\u00bbno\u00bb type=\u00bbgrid\u00bb text_align=\u00bbleft\u00bb background_animation=\u00bbnone\u00bb padding_top=\u00bb80&#8243; padding_bottom=\u00bb50&#8243; css_animation=\u00bb\u00bb][vc_column offset=\u00bbvc_col-lg-12 vc_col-md-5&#8243;][vc_column_text css=\u00bb.vc_custom_1557914666724{background-position: center !important;background-repeat: no-repeat !important;background-size: cover !important;}\u00bb] \u201cSiempre que viajes, vayas donde vayas, recuerda respetar la naturaleza, respetar la cultura y respetar a tu anfitri\u00f3n. T\u00fa mismo puedes representar el cambio que quieres ver&#8230;<\/p>\n","protected":false},"author":1,"featured_media":0,"parent":0,"menu_order":0,"comment_status":"open","ping_status":"closed","template":"full_width.php","meta":{"footnotes":""},"yoast_head":"<!-- This site is optimized with the Yoast SEO plugin v19.13 - https:\/\/yoast.com\/wordpress\/plugins\/seo\/ -->\n<title>Turismo el\u00e9ctrico - evway Travel Network<\/title>\n<meta name=\"description\" content=\"Turismo en coche el\u00e9ctrico, al\u00f3jate y recarga. Descubre las instalaciones adecuadas para ti con una estaci\u00f3n de carga verificada y certificada.\" \/>\n<meta name=\"robots\" content=\"index, follow, max-snippet:-1, max-image-preview:large, max-video-preview:-1\" \/>\n<link rel=\"canonical\" href=\"https:\/\/travel.evway.net\/es\/\" \/>\n<meta property=\"og:locale\" content=\"es_ES\" \/>\n<meta property=\"og:type\" content=\"article\" \/>\n<meta property=\"og:title\" content=\"Turismo el\u00e9ctrico - evway Travel Network\" \/>\n<meta property=\"og:description\" content=\"Turismo en coche el\u00e9ctrico, al\u00f3jate y recarga. Descubre las instalaciones adecuadas para ti con una estaci\u00f3n de carga verificada y certificada.\" \/>\n<meta property=\"og:url\" content=\"https:\/\/travel.evway.net\/es\/\" \/>\n<meta property=\"og:site_name\" content=\"evway Travel Network\" \/>\n<meta property=\"article:publisher\" content=\"https:\/\/www.facebook.com\/goevway\/\" \/>\n<meta property=\"article:modified_time\" content=\"2024-06-18T09:26:27+00:00\" \/>\n<meta property=\"og:image\" content=\"https:\/\/travel.evway.net\/wp-content\/uploads\/2023\/12\/Mockup-Copertina-Fronte-OK-ENG.png\" \/>\n<meta name=\"twitter:card\" content=\"summary_large_image\" \/>\n<meta name=\"twitter:label1\" content=\"Tiempo de lectura\" \/>\n\t<meta name=\"twitter:data1\" content=\"2 minutos\" \/>\n<script type=\"application\/ld+json\" class=\"yoast-schema-graph\">{\"@context\":\"https:\/\/schema.org\",\"@graph\":[{\"@type\":\"WebPage\",\"@id\":\"https:\/\/travel.evway.net\/es\/\",\"url\":\"https:\/\/travel.evway.net\/es\/\",\"name\":\"Turismo el\u00e9ctrico - evway Travel Network\",\"isPartOf\":{\"@id\":\"https:\/\/travel.evway.net\/es\/#website\"},\"datePublished\":\"2023-12-06T11:10:29+00:00\",\"dateModified\":\"2024-06-18T09:26:27+00:00\",\"description\":\"Turismo en coche el\u00e9ctrico, al\u00f3jate y recarga. Descubre las instalaciones adecuadas para ti con una estaci\u00f3n de carga verificada y certificada.\",\"breadcrumb\":{\"@id\":\"https:\/\/travel.evway.net\/es\/#breadcrumb\"},\"inLanguage\":\"es\",\"potentialAction\":[{\"@type\":\"ReadAction\",\"target\":[\"https:\/\/travel.evway.net\/es\/\"]}]},{\"@type\":\"BreadcrumbList\",\"@id\":\"https:\/\/travel.evway.net\/es\/#breadcrumb\",\"itemListElement\":[{\"@type\":\"ListItem\",\"position\":1,\"name\":\"Home\",\"item\":\"https:\/\/travel.evway.net\/es\/\"},{\"@type\":\"ListItem\",\"position\":2,\"name\":\"Home\"}]},{\"@type\":\"WebSite\",\"@id\":\"https:\/\/travel.evway.net\/es\/#website\",\"url\":\"https:\/\/travel.evway.net\/es\/\",\"name\":\"evway Travel Network\",\"description\":\"Charge your Car, Live your Life\",\"publisher\":{\"@id\":\"https:\/\/travel.evway.net\/es\/#organization\"},\"potentialAction\":[{\"@type\":\"SearchAction\",\"target\":{\"@type\":\"EntryPoint\",\"urlTemplate\":\"https:\/\/travel.evway.net\/es\/?s={search_term_string}\"},\"query-input\":\"required name=search_term_string\"}],\"inLanguage\":\"es\"},{\"@type\":\"Organization\",\"@id\":\"https:\/\/travel.evway.net\/es\/#organization\",\"name\":\"evway travel network\",\"url\":\"https:\/\/travel.evway.net\/es\/\",\"logo\":{\"@type\":\"ImageObject\",\"inLanguage\":\"es\",\"@id\":\"https:\/\/travel.evway.net\/es\/#\/schema\/logo\/image\/\",\"url\":\"https:\/\/travel.evway.net\/wp-content\/uploads\/2020\/09\/LOGO_ETN.png\",\"contentUrl\":\"https:\/\/travel.evway.net\/wp-content\/uploads\/2020\/09\/LOGO_ETN.png\",\"width\":3333,\"height\":3333,\"caption\":\"evway travel network\"},\"image\":{\"@id\":\"https:\/\/travel.evway.net\/es\/#\/schema\/logo\/image\/\"},\"sameAs\":[\"https:\/\/www.instagram.com\/evway\/?hl=it\",\"https:\/\/www.facebook.com\/goevway\/\"]}]}<\/script>\n<!-- \/ Yoast SEO plugin. -->","yoast_head_json":{"title":"Turismo el\u00e9ctrico - evway Travel Network","description":"Turismo en coche el\u00e9ctrico, al\u00f3jate y recarga. Descubre las instalaciones adecuadas para ti con una estaci\u00f3n de carga verificada y certificada.","robots":{"index":"index","follow":"follow","max-snippet":"max-snippet:-1","max-image-preview":"max-image-preview:large","max-video-preview":"max-video-preview:-1"},"canonical":"https:\/\/travel.evway.net\/es\/","og_locale":"es_ES","og_type":"article","og_title":"Turismo el\u00e9ctrico - evway Travel Network","og_description":"Turismo en coche el\u00e9ctrico, al\u00f3jate y recarga. Descubre las instalaciones adecuadas para ti con una estaci\u00f3n de carga verificada y certificada.","og_url":"https:\/\/travel.evway.net\/es\/","og_site_name":"evway Travel Network","article_publisher":"https:\/\/www.facebook.com\/goevway\/","article_modified_time":"2024-06-18T09:26:27+00:00","og_image":[{"url":"https:\/\/travel.evway.net\/wp-content\/uploads\/2023\/12\/Mockup-Copertina-Fronte-OK-ENG.png"}],"twitter_card":"summary_large_image","twitter_misc":{"Tiempo de lectura":"2 minutos"},"schema":{"@context":"https:\/\/schema.org","@graph":[{"@type":"WebPage","@id":"https:\/\/travel.evway.net\/es\/","url":"https:\/\/travel.evway.net\/es\/","name":"Turismo el\u00e9ctrico - evway Travel Network","isPartOf":{"@id":"https:\/\/travel.evway.net\/es\/#website"},"datePublished":"2023-12-06T11:10:29+00:00","dateModified":"2024-06-18T09:26:27+00:00","description":"Turismo en coche el\u00e9ctrico, al\u00f3jate y recarga. Descubre las instalaciones adecuadas para ti con una estaci\u00f3n de carga verificada y certificada.","breadcrumb":{"@id":"https:\/\/travel.evway.net\/es\/#breadcrumb"},"inLanguage":"es","potentialAction":[{"@type":"ReadAction","target":["https:\/\/travel.evway.net\/es\/"]}]},{"@type":"BreadcrumbList","@id":"https:\/\/travel.evway.net\/es\/#breadcrumb","itemListElement":[{"@type":"ListItem","position":1,"name":"Home","item":"https:\/\/travel.evway.net\/es\/"},{"@type":"ListItem","position":2,"name":"Home"}]},{"@type":"WebSite","@id":"https:\/\/travel.evway.net\/es\/#website","url":"https:\/\/travel.evway.net\/es\/","name":"evway Travel Network","description":"Charge your Car, Live your Life","publisher":{"@id":"https:\/\/travel.evway.net\/es\/#organization"},"potentialAction":[{"@type":"SearchAction","target":{"@type":"EntryPoint","urlTemplate":"https:\/\/travel.evway.net\/es\/?s={search_term_string}"},"query-input":"required name=search_term_string"}],"inLanguage":"es"},{"@type":"Organization","@id":"https:\/\/travel.evway.net\/es\/#organization","name":"evway travel network","url":"https:\/\/travel.evway.net\/es\/","logo":{"@type":"ImageObject","inLanguage":"es","@id":"https:\/\/travel.evway.net\/es\/#\/schema\/logo\/image\/","url":"https:\/\/travel.evway.net\/wp-content\/uploads\/2020\/09\/LOGO_ETN.png","contentUrl":"https:\/\/travel.evway.net\/wp-content\/uploads\/2020\/09\/LOGO_ETN.png","width":3333,"height":3333,"caption":"evway travel network"},"image":{"@id":"https:\/\/travel.evway.net\/es\/#\/schema\/logo\/image\/"},"sameAs":["https:\/\/www.instagram.com\/evway\/?hl=it","https:\/\/www.facebook.com\/goevway\/"]}]}},"_links":{"self":[{"href":"https:\/\/travel.evway.net\/es\/wp-json\/wp\/v2\/pages\/29319"}],"collection":[{"href":"https:\/\/travel.evway.net\/es\/wp-json\/wp\/v2\/pages"}],"about":[{"href":"https:\/\/travel.evway.net\/es\/wp-json\/wp\/v2\/types\/page"}],"author":[{"embeddable":true,"href":"https:\/\/travel.evway.net\/es\/wp-json\/wp\/v2\/users\/1"}],"replies":[{"embeddable":true,"href":"https:\/\/travel.evway.net\/es\/wp-json\/wp\/v2\/comments?post=29319"}],"version-history":[{"count":1,"href":"https:\/\/travel.evway.net\/es\/wp-json\/wp\/v2\/pages\/29319\/revisions"}],"predecessor-version":[{"id":29321,"href":"https:\/\/travel.evway.net\/es\/wp-json\/wp\/v2\/pages\/29319\/revisions\/29321"}],"wp:attachment":[{"href":"https:\/\/travel.evway.net\/es\/wp-json\/wp\/v2\/media?parent=29319"}],"curies":[{"name":"wp","href":"https:\/\/api.w.org\/{rel}","templated":true}]}}