{"id":29008,"date":"2023-12-01T14:32:48","date_gmt":"2023-12-01T14:32:48","guid":{"rendered":"https:\/\/travel.evway.net\/facilities-2\/"},"modified":"2024-04-22T09:05:36","modified_gmt":"2024-04-22T09:05:36","slug":"charging-point-in-facility","status":"publish","type":"page","link":"https:\/\/travel.evway.net\/en\/charging-point-in-facility\/","title":{"rendered":"Your Charging Point"},"content":{"rendered":"<div class=\"wpb-content-wrapper\"><p>[vc_row row_type=&#8221;row&#8221; use_row_as_full_screen_section=&#8221;no&#8221; type=&#8221;full_width&#8221; text_align=&#8221;left&#8221; background_animation=&#8221;none&#8221; css_animation=&#8221;&#8221;][vc_column][vc_empty_space height=&#8221;15&#8243;][\/vc_column][\/vc_row][vc_row row_type=&#8221;row&#8221; use_row_as_full_screen_section=&#8221;no&#8221; type=&#8221;full_width&#8221; text_align=&#8221;left&#8221; background_animation=&#8221;none&#8221; css_animation=&#8221;&#8221;][vc_column][vc_column_text]<\/p>\n<h1 style=\"text-align: center;\"><span style=\"font-size: 24pt; color: #333333;\">GARE YOU THE OWNER OF AN HOSPITALITY OR FACILITY?<\/span><\/h1>\n<p>[\/vc_column_text][vc_column_text]<\/p>\n<h1 style=\"text-align: center;\"><span style=\"color: #333333;\"><span style=\"font-size: 18pt;\">10 GOOD REASONS for installing a charging point with evway Travel Network:<\/span><\/span><\/h1>\n<p>[\/vc_column_text][vc_empty_space][\/vc_column][\/vc_row][vc_row row_type=&#8221;row&#8221; use_row_as_full_screen_section=&#8221;no&#8221; type=&#8221;full_width&#8221; text_align=&#8221;left&#8221; background_animation=&#8221;none&#8221; css_animation=&#8221;&#8221;][vc_column][vc_empty_space height=&#8221;40&#8243; css=&#8221;.vc_custom_1712671728208{background-image: url(https:\/\/travel.evway.net\/wp-content\/uploads\/2023\/03\/sfondo-trentino-card-back-copia-scaled-e1678457993970.jpg?id=28937) !important;background-position: center !important;background-repeat: no-repeat !important;background-size: cover !important;}&#8221;][vc_column_text]<\/p>\n<p style=\"text-align: center;\"><div class=\"wp-block-cakewp-block-slider alignfull block-slider blockslider-has-styles blockslider-opacity-60 blockslider-slides-opacity-100 blockslider-post-29070 blockslider-uid-85f9cb\"><div class=\"blockslider-slider-wrapper\" data-noofslides=\"1\" data-spacebetween=\"10\" data-speed=\"400\" data-navigation=\"true\" data-pagination=\"true\" data-autoplay=\"true\" data-delay=\"2000\" data-autoplayonhover=\"false\" data-loop=\"true\" data-keyboardnavigation=\"false\" data-effect=\"slide\" data-autoheight=\"true\" data-allowtouchmove=\"true\"><div class=\"blockslider-wrapper\">\n<div class=\"wp-block-cakewp-block-slide blockslider-slide blockslider-has-styles blockslider-vertically-aligned-center blockslider-uid-cc245b\"><div class=\"blockslider-slide-inner-wrapper blockslider__inner-container\">\n<h2 class=\"has-text-align-left wp-block-heading\">1. Aumenta i Guadagni<\/h2>\n\n\n\n<p class=\"has-text-align-left\">Con evway travel network hai pi\u00f9 libert\u00e0\u00a0sulle tariffe di ricarica delle tue colonnine. Questo ti permette di personalizzare in autonomia le tariffe delle colonnine al Kw\/h sulla base del provider energetico a cui sono allacciate.<\/p>\n<\/div><\/div>\n\n\n\n<div class=\"wp-block-cakewp-block-slide blockslider-slide blockslider-has-styles blockslider-vertically-aligned-center blockslider-uid-dc81d7\"><div class=\"blockslider-slide-inner-wrapper blockslider__inner-container\">\n<h2 class=\"has-text-align-left wp-block-heading\">2. Monitora i Consumi<\/h2>\n\n\n\n<p class=\"has-text-align-left\">La piattaforma dedicata di evway \u00e8 collegata al tuo hub di ricarica interoperabile. Questo ti consente di monitorare spese e costi in tempo reale e ricevere comodamente un&#8217;unica fattura mensile.<\/p>\n<\/div><\/div>\n\n\n\n<div class=\"wp-block-cakewp-block-slide blockslider-slide blockslider-has-styles blockslider-vertically-aligned-center blockslider-uid-dc81d7\"><div class=\"blockslider-slide-inner-wrapper blockslider__inner-container\">\n<h2 class=\"has-text-align-left wp-block-heading\">3. Pi\u00f9 visibilit\u00e0 alla tua Struttura<\/h2>\n\n\n\n<p class=\"has-text-align-left\">Cattura l&#8217;attenzione dei viaggiatori online e aumenta la tua presenza sulle piattaforme di prenotazione e ricarica. Tra queste l&#8217;App di ricarica e mappa in Italia, Europa e Nord America: evway con oltre 60.000 utenti.<\/p>\n<\/div><\/div>\n\n\n\n<div class=\"wp-block-cakewp-block-slide blockslider-slide blockslider-has-styles blockslider-vertically-aligned-center blockslider-uid-dc81d7\"><div class=\"blockslider-slide-inner-wrapper blockslider__inner-container\">\n<h2 class=\"has-text-align-left wp-block-heading\">4. Anticipa le Esigenze degli Ospiti<\/h2>\n\n\n\n<p class=\"has-text-align-left\">Cattura l&#8217;attenzione dei viaggiatori online e aumenta la tua presenza sulle piattaforme di prenotazione e ricarica. Tra queste l&#8217;App di ricarica e mappa in Italia, Europa e Nord America: evway con oltre 60.000 utenti.<\/p>\n<\/div><\/div>\n\n\n\n<div class=\"wp-block-cakewp-block-slide blockslider-slide blockslider-has-styles blockslider-vertically-aligned-center blockslider-uid-dc81d7\"><div class=\"blockslider-slide-inner-wrapper blockslider__inner-container\">\n<h2 class=\"has-text-align-left wp-block-heading\">5. Aggiungi Valore alla tua Attivit\u00e0<\/h2>\n\n\n\n<p class=\"has-text-align-left\">Disporre di un punto di ricarica significa essere attenti all&#8217;ambiente e rafforza l&#8217;immagine della tua attivit\u00e0 al passo con il tema attuale e prioritario della Sostenibilit\u00e0 contribuendo e supportando la mobilit\u00e0 a Zero Emissioni.<\/p>\n<\/div><\/div>\n\n\n\n<div class=\"wp-block-cakewp-block-slide blockslider-slide blockslider-has-styles blockslider-vertically-aligned-center blockslider-uid-638395\"><div class=\"blockslider-slide-inner-wrapper blockslider__inner-container\">\n<h2 class=\"has-text-align-left wp-block-heading\">6. Prolunga la Permanenza dei tuoi Ospiti<\/h2>\n\n\n\n<p class=\"has-text-align-left\">Durante la ricarica dell&#8217;auto, potranno usufruire dei servizi in struttura come ristoranti, bar, piscine o centri benessere, aumentando le entrate e migliorando la loro esperienza.<\/p>\n<\/div><\/div>\n\n\n\n<div class=\"wp-block-cakewp-block-slide blockslider-slide blockslider-has-styles blockslider-vertically-aligned-center blockslider-uid-dc81d7\"><div class=\"blockslider-slide-inner-wrapper blockslider__inner-container\">\n<h2 class=\"has-text-align-left wp-block-heading\">7. Aumenta la clientela complementare<\/h2>\n\n\n\n<p class=\"has-text-align-left\">I servizi complementari dell&#8217;albergo diventano appetibili anche per coloro che, non pernottando, decidono in base ai tempi di ricarica e quindi alla colonnina di ricarica presente. Anche questo contribuisce ad aumentare la clientela della tua Struttura, puoi chiederci pi\u00f9 informazioni sul progetto di infrastrutturazione scrivendo direttamente <a href=\"mailto:comunicazione@evway.net\">qui<\/a>!<\/p>\n<\/div><\/div>\n\n\n\n<div class=\"wp-block-cakewp-block-slide blockslider-slide blockslider-has-styles blockslider-vertically-aligned-center blockslider-uid-dc81d7\"><div class=\"blockslider-slide-inner-wrapper blockslider__inner-container\">\n<h2 class=\"has-text-align-left wp-block-heading\">8. Collega il tuo Marchio alla Sostenibilit\u00e0<\/h2>\n\n\n\n<p class=\"has-text-align-left\">L&#8217;installazione di una colonnina di ricarica per veicoli elettrici non solo risponde alla crescente domanda di mobilit\u00e0 sostenibile, ma rappresenta anche un&#8217;opportunit\u00e0 unica per posizionare il marchio dell&#8217;hotel nell&#8217;ambito della sostenibilit\u00e0 e della responsabilit\u00e0 ambientale.<\/p>\n<\/div><\/div>\n\n\n\n<div class=\"wp-block-cakewp-block-slide blockslider-slide blockslider-has-styles blockslider-vertically-aligned-center blockslider-uid-dc81d7\"><div class=\"blockslider-slide-inner-wrapper blockslider__inner-container\">\n<h2 class=\"has-text-align-left wp-block-heading\">9. Entri in tappe e percorsi tematici<\/h2>\n\n\n\n<p class=\"has-text-align-left\">Entra a far parte di itinerari tematici eco-sostenibili e aumenta la portata della tua vibilit\u00e0! Tra questi entrerai nella rete di strutture di evway travel network e nella mappa dell&#8217;app evway, scaricata da oltre 60.000 utenti.<\/p>\n<\/div><\/div>\n\n\n\n<div class=\"wp-block-cakewp-block-slide blockslider-slide blockslider-has-styles blockslider-vertically-aligned-center blockslider-uid-dc81d7\"><div class=\"blockslider-slide-inner-wrapper blockslider__inner-container\">\n<h2 class=\"has-text-align-left wp-block-heading\">10. Sei pi\u00f9 vicino ai tuoi Ospiti<\/h2>\n\n\n\n<p class=\"has-text-align-left\">Investi nella soddisfazione del cliente e nella sua esperienza per garantire un ritorno significativo e la fidelizzazione dei tuoi ospiti.<\/p>\n<\/div><\/div>\n<\/div><\/div><div class=\"blockslider-navigation-wrapper blockslider-justify-space-between blockslider-vertical-center\"><button class=\"blockslider-prev-btn\"><svg xmlns=\"http:\/\/www.w3.org\/2000\/svg\" width=\"24\" height=\"24\" viewbox=\"0 0 20 20\" fill=\"none\" aria-hidden=\"true\"><path d=\"M13 14L7 9.97L13 6V14Z\" fill=\"black\"><\/path><\/svg><\/button><button class=\"blockslider-next-btn\"><svg xmlns=\"http:\/\/www.w3.org\/2000\/svg\" width=\"24\" height=\"24\" viewbox=\"0 0 20 20\" fill=\"none\" aria-hidden=\"true\"><path d=\"M8 6L14 10.03L8 14V6Z\" fill=\"black\"><\/path><\/svg><\/button><\/div><div class=\"blockslider-pagination-wrapper blockslider-justify-center blockslider-vertical-bottom\"><div class=\"blockslider-pagination-main blockslider-pagination blockslider-orientation-horizontal blockslider-pagination-circle\"><\/div><\/div><\/div>\n<p>[\/vc_column_text][vc_empty_space height=&#8221;40&#8243; css=&#8221;.vc_custom_1712671728208{background-image: url(https:\/\/travel.evway.net\/wp-content\/uploads\/2023\/03\/sfondo-trentino-card-back-copia-scaled-e1678457993970.jpg?id=28937) !important;background-position: center !important;background-repeat: no-repeat !important;background-size: cover !important;}&#8221;][\/vc_column][\/vc_row][vc_row row_type=&#8221;row&#8221; use_row_as_full_screen_section=&#8221;no&#8221; type=&#8221;full_width&#8221; text_align=&#8221;center&#8221; background_animation=&#8221;none&#8221; css_animation=&#8221;&#8221;][vc_column][vc_empty_space height=&#8221;40&#8243;]<a href=\"https:\/\/travel.evway.net\/wp-content\/uploads\/2023\/12\/evway-Travel-Network-ITA.pdf\" target=\"_self\"  class=\"qbutton  medium inherit\" style=\"\">DISCOVER MORE.. DOWNLOAD THE BROCHURE!<\/a>[vc_empty_space height=&#8221;40&#8243;][\/vc_column][\/vc_row][vc_row row_type=&#8221;row&#8221; use_row_as_full_screen_section=&#8221;no&#8221; type=&#8221;full_width&#8221; text_align=&#8221;left&#8221; background_animation=&#8221;none&#8221; css_animation=&#8221;&#8221;][vc_column][vc_empty_space height=&#8221;20&#8243;][vc_column_text]<\/p>\n<p style=\"text-align: center;\"><span style=\"color: #333333;\">What are you waiting for?<\/span><br \/>\n<span style=\"font-size: 18pt; color: #333333;\">Become a Reference Point for Sustainable Tourism<\/span><\/p>\n<p style=\"text-align: center;\">[\/vc_column_text][vc_empty_space height=&#8221;20&#8243;][\/vc_column][\/vc_row][vc_row row_type=&#8221;parallax&#8221; text_align=&#8221;center&#8221; background_image=&#8221;29001&#8243; full_screen_section_height=&#8221;no&#8221; css=&#8221;.vc_custom_1713429723940{background-image: url(https:\/\/travel.evway.net\/wp-content\/uploads\/2022\/11\/Castel-Trauttmansdorff-ok.jpg?id=28201) !important;background-position: center !important;background-repeat: no-repeat !important;background-size: cover !important;}&#8221;][vc_column width=&#8221;1\/2&#8243; css=&#8221;.vc_custom_1712676407045{border-right-width: 30px !important;border-bottom-width: 30px !important;border-left-width: 30px !important;background-color: #ffffff !important;}&#8221;][vc_column_text css=&#8221;.vc_custom_1712676350995{background-color: #ffffff !important;background-position: center !important;background-repeat: no-repeat !important;background-size: contain !important;}&#8221;]<\/p>\n<p style=\"text-align: left;\">It attracts not only those who drive electrically, but also all those who care about sustainability&#8230; don&#8217;t you believe it?<\/p>\n<p style=\"text-align: left;\">Read our speech at Italy&#8217;s biggest tourism fair Rimini TTG, data in hand!<\/p>\n<p>[\/vc_column_text][vc_empty_space height=&#8221;20&#8243;]<a href=\"https:\/\/evway.net\/notizie\/route220-al-ttg\/\" target=\"_blank\"  class=\"qbutton  medium inherit\" style=\"font-style: normal; \">READ THE ARTICLE<\/a>[vc_empty_space height=&#8221;40&#8243;][\/vc_column][vc_column width=&#8221;1\/2&#8243;][vc_empty_space height=&#8221;220&#8243;][vc_empty_space height=&#8221;120&#8243;][\/vc_column][\/vc_row][vc_row row_type=&#8221;row&#8221; use_row_as_full_screen_section=&#8221;no&#8221; type=&#8221;full_width&#8221; text_align=&#8221;center&#8221; background_animation=&#8221;none&#8221; css_animation=&#8221;&#8221;][vc_column][vc_empty_space height=&#8221;100&#8243;][\/vc_column][\/vc_row]<\/p>\n<\/div>","protected":false},"excerpt":{"rendered":"<p>[vc_row row_type=&#8221;row&#8221; use_row_as_full_screen_section=&#8221;no&#8221; type=&#8221;full_width&#8221; text_align=&#8221;left&#8221; background_animation=&#8221;none&#8221; css_animation=&#8221;&#8221;][vc_column][vc_empty_space height=&#8221;15&#8243;][\/vc_column][\/vc_row][vc_row row_type=&#8221;row&#8221; use_row_as_full_screen_section=&#8221;no&#8221; type=&#8221;full_width&#8221; text_align=&#8221;left&#8221; background_animation=&#8221;none&#8221; css_animation=&#8221;&#8221;][vc_column][vc_column_text] GARE YOU THE OWNER OF AN HOSPITALITY OR FACILITY? [\/vc_column_text][vc_column_text] 10 GOOD REASONS for installing a charging point with evway Travel Network: [\/vc_column_text][vc_empty_space][\/vc_column][\/vc_row][vc_row row_type=&#8221;row&#8221; use_row_as_full_screen_section=&#8221;no&#8221; type=&#8221;full_width&#8221; text_align=&#8221;left&#8221; background_animation=&#8221;none&#8221; css_animation=&#8221;&#8221;][vc_column][vc_empty_space height=&#8221;40&#8243; css=&#8221;.vc_custom_1712671728208{background-image:&#8230;<\/p>\n","protected":false},"author":1,"featured_media":28938,"parent":0,"menu_order":0,"comment_status":"closed","ping_status":"closed","template":"","meta":{"footnotes":""},"yoast_head":"<!-- This site is optimized with the Yoast SEO plugin v19.13 - https:\/\/yoast.com\/wordpress\/plugins\/seo\/ -->\n<title>10 Reasons why you should install a charging point with evway<\/title>\n<meta name=\"description\" content=\"Find out why you should have a charging station in your hospitality facility and how to get one. Download the Complete Guide.\" \/>\n<meta name=\"robots\" content=\"index, follow, max-snippet:-1, max-image-preview:large, max-video-preview:-1\" \/>\n<link rel=\"canonical\" href=\"https:\/\/travel.evway.net\/en\/charging-point-in-facility\/\" \/>\n<meta property=\"og:locale\" content=\"en_US\" \/>\n<meta property=\"og:type\" content=\"article\" \/>\n<meta property=\"og:title\" content=\"10 Reasons why you should install a charging point with evway\" \/>\n<meta property=\"og:description\" content=\"Find out why you should have a charging station in your hospitality facility and how to get one. Download the Complete Guide.\" \/>\n<meta property=\"og:url\" content=\"https:\/\/travel.evway.net\/en\/charging-point-in-facility\/\" \/>\n<meta property=\"og:site_name\" content=\"evway Travel Network\" \/>\n<meta property=\"article:publisher\" content=\"https:\/\/www.facebook.com\/goevway\/\" \/>\n<meta property=\"article:modified_time\" content=\"2024-04-22T09:05:36+00:00\" \/>\n<meta property=\"og:image\" content=\"https:\/\/travel.evway.net\/wp-content\/uploads\/2023\/03\/sfondo-trentino-card-back-copia-scaled-e1678457993970.jpg\" \/>\n\t<meta property=\"og:image:width\" content=\"2560\" \/>\n\t<meta property=\"og:image:height\" content=\"1969\" \/>\n\t<meta property=\"og:image:type\" content=\"image\/jpeg\" \/>\n<meta name=\"twitter:card\" content=\"summary_large_image\" \/>\n<meta name=\"twitter:label1\" content=\"Est. reading time\" \/>\n\t<meta name=\"twitter:data1\" content=\"1 minute\" \/>\n<script type=\"application\/ld+json\" class=\"yoast-schema-graph\">{\"@context\":\"https:\/\/schema.org\",\"@graph\":[{\"@type\":\"WebPage\",\"@id\":\"https:\/\/travel.evway.net\/en\/charging-point-in-facility\/\",\"url\":\"https:\/\/travel.evway.net\/en\/charging-point-in-facility\/\",\"name\":\"10 Reasons why you should install a charging point with evway\",\"isPartOf\":{\"@id\":\"https:\/\/travel.evway.net\/en\/#website\"},\"datePublished\":\"2023-12-01T14:32:48+00:00\",\"dateModified\":\"2024-04-22T09:05:36+00:00\",\"description\":\"Find out why you should have a charging station in your hospitality facility and how to get one. Download the Complete Guide.\",\"breadcrumb\":{\"@id\":\"https:\/\/travel.evway.net\/en\/charging-point-in-facility\/#breadcrumb\"},\"inLanguage\":\"en-US\",\"potentialAction\":[{\"@type\":\"ReadAction\",\"target\":[\"https:\/\/travel.evway.net\/en\/charging-point-in-facility\/\"]}]},{\"@type\":\"BreadcrumbList\",\"@id\":\"https:\/\/travel.evway.net\/en\/charging-point-in-facility\/#breadcrumb\",\"itemListElement\":[{\"@type\":\"ListItem\",\"position\":1,\"name\":\"Home\",\"item\":\"https:\/\/travel.evway.net\/en\/\"},{\"@type\":\"ListItem\",\"position\":2,\"name\":\"Your Charging Point\"}]},{\"@type\":\"WebSite\",\"@id\":\"https:\/\/travel.evway.net\/en\/#website\",\"url\":\"https:\/\/travel.evway.net\/en\/\",\"name\":\"evway Travel Network\",\"description\":\"Charge your Car, Live your Life\",\"publisher\":{\"@id\":\"https:\/\/travel.evway.net\/en\/#organization\"},\"potentialAction\":[{\"@type\":\"SearchAction\",\"target\":{\"@type\":\"EntryPoint\",\"urlTemplate\":\"https:\/\/travel.evway.net\/en\/?s={search_term_string}\"},\"query-input\":\"required name=search_term_string\"}],\"inLanguage\":\"en-US\"},{\"@type\":\"Organization\",\"@id\":\"https:\/\/travel.evway.net\/en\/#organization\",\"name\":\"evway travel network\",\"url\":\"https:\/\/travel.evway.net\/en\/\",\"logo\":{\"@type\":\"ImageObject\",\"inLanguage\":\"en-US\",\"@id\":\"https:\/\/travel.evway.net\/en\/#\/schema\/logo\/image\/\",\"url\":\"https:\/\/travel.evway.net\/wp-content\/uploads\/2020\/09\/LOGO_ETN.png\",\"contentUrl\":\"https:\/\/travel.evway.net\/wp-content\/uploads\/2020\/09\/LOGO_ETN.png\",\"width\":3333,\"height\":3333,\"caption\":\"evway travel network\"},\"image\":{\"@id\":\"https:\/\/travel.evway.net\/en\/#\/schema\/logo\/image\/\"},\"sameAs\":[\"https:\/\/www.instagram.com\/evway\/?hl=it\",\"https:\/\/www.facebook.com\/goevway\/\"]}]}<\/script>\n<!-- \/ Yoast SEO plugin. -->","yoast_head_json":{"title":"10 Reasons why you should install a charging point with evway","description":"Find out why you should have a charging station in your hospitality facility and how to get one. Download the Complete Guide.","robots":{"index":"index","follow":"follow","max-snippet":"max-snippet:-1","max-image-preview":"max-image-preview:large","max-video-preview":"max-video-preview:-1"},"canonical":"https:\/\/travel.evway.net\/en\/charging-point-in-facility\/","og_locale":"en_US","og_type":"article","og_title":"10 Reasons why you should install a charging point with evway","og_description":"Find out why you should have a charging station in your hospitality facility and how to get one. Download the Complete Guide.","og_url":"https:\/\/travel.evway.net\/en\/charging-point-in-facility\/","og_site_name":"evway Travel Network","article_publisher":"https:\/\/www.facebook.com\/goevway\/","article_modified_time":"2024-04-22T09:05:36+00:00","og_image":[{"width":2560,"height":1969,"url":"https:\/\/travel.evway.net\/wp-content\/uploads\/2023\/03\/sfondo-trentino-card-back-copia-scaled-e1678457993970.jpg","type":"image\/jpeg"}],"twitter_card":"summary_large_image","twitter_misc":{"Est. reading time":"1 minute"},"schema":{"@context":"https:\/\/schema.org","@graph":[{"@type":"WebPage","@id":"https:\/\/travel.evway.net\/en\/charging-point-in-facility\/","url":"https:\/\/travel.evway.net\/en\/charging-point-in-facility\/","name":"10 Reasons why you should install a charging point with evway","isPartOf":{"@id":"https:\/\/travel.evway.net\/en\/#website"},"datePublished":"2023-12-01T14:32:48+00:00","dateModified":"2024-04-22T09:05:36+00:00","description":"Find out why you should have a charging station in your hospitality facility and how to get one. Download the Complete Guide.","breadcrumb":{"@id":"https:\/\/travel.evway.net\/en\/charging-point-in-facility\/#breadcrumb"},"inLanguage":"en-US","potentialAction":[{"@type":"ReadAction","target":["https:\/\/travel.evway.net\/en\/charging-point-in-facility\/"]}]},{"@type":"BreadcrumbList","@id":"https:\/\/travel.evway.net\/en\/charging-point-in-facility\/#breadcrumb","itemListElement":[{"@type":"ListItem","position":1,"name":"Home","item":"https:\/\/travel.evway.net\/en\/"},{"@type":"ListItem","position":2,"name":"Your Charging Point"}]},{"@type":"WebSite","@id":"https:\/\/travel.evway.net\/en\/#website","url":"https:\/\/travel.evway.net\/en\/","name":"evway Travel Network","description":"Charge your Car, Live your Life","publisher":{"@id":"https:\/\/travel.evway.net\/en\/#organization"},"potentialAction":[{"@type":"SearchAction","target":{"@type":"EntryPoint","urlTemplate":"https:\/\/travel.evway.net\/en\/?s={search_term_string}"},"query-input":"required name=search_term_string"}],"inLanguage":"en-US"},{"@type":"Organization","@id":"https:\/\/travel.evway.net\/en\/#organization","name":"evway travel network","url":"https:\/\/travel.evway.net\/en\/","logo":{"@type":"ImageObject","inLanguage":"en-US","@id":"https:\/\/travel.evway.net\/en\/#\/schema\/logo\/image\/","url":"https:\/\/travel.evway.net\/wp-content\/uploads\/2020\/09\/LOGO_ETN.png","contentUrl":"https:\/\/travel.evway.net\/wp-content\/uploads\/2020\/09\/LOGO_ETN.png","width":3333,"height":3333,"caption":"evway travel network"},"image":{"@id":"https:\/\/travel.evway.net\/en\/#\/schema\/logo\/image\/"},"sameAs":["https:\/\/www.instagram.com\/evway\/?hl=it","https:\/\/www.facebook.com\/goevway\/"]}]}},"_links":{"self":[{"href":"https:\/\/travel.evway.net\/en\/wp-json\/wp\/v2\/pages\/29008"}],"collection":[{"href":"https:\/\/travel.evway.net\/en\/wp-json\/wp\/v2\/pages"}],"about":[{"href":"https:\/\/travel.evway.net\/en\/wp-json\/wp\/v2\/types\/page"}],"author":[{"embeddable":true,"href":"https:\/\/travel.evway.net\/en\/wp-json\/wp\/v2\/users\/1"}],"replies":[{"embeddable":true,"href":"https:\/\/travel.evway.net\/en\/wp-json\/wp\/v2\/comments?post=29008"}],"version-history":[{"count":5,"href":"https:\/\/travel.evway.net\/en\/wp-json\/wp\/v2\/pages\/29008\/revisions"}],"predecessor-version":[{"id":29107,"href":"https:\/\/travel.evway.net\/en\/wp-json\/wp\/v2\/pages\/29008\/revisions\/29107"}],"wp:featuredmedia":[{"embeddable":true,"href":"https:\/\/travel.evway.net\/en\/wp-json\/wp\/v2\/media\/28938"}],"wp:attachment":[{"href":"https:\/\/travel.evway.net\/en\/wp-json\/wp\/v2\/media?parent=29008"}],"curies":[{"name":"wp","href":"https:\/\/api.w.org\/{rel}","templated":true}]}}