{"id":24860,"date":"2019-10-17T08:41:44","date_gmt":"2019-10-17T08:41:44","guid":{"rendered":"https:\/\/travel.evway.net\/?page_id=24860"},"modified":"2020-05-14T16:08:19","modified_gmt":"2020-05-14T16:08:19","slug":"routen","status":"publish","type":"page","link":"https:\/\/travel.evway.net\/de\/routen\/","title":{"rendered":"Routen"},"content":{"rendered":"<div class=\"wpb-content-wrapper\"><p>[vc_row row_type=&#8220;row&#8220; use_row_as_full_screen_section=&#8220;no&#8220; type=&#8220;full_width&#8220; text_align=&#8220;left&#8220; background_animation=&#8220;none&#8220; css_animation=&#8220;&#8220; css=&#8220;.vc_custom_1556788457618{padding-top: 50px !important;padding-bottom: 50px !important;}&#8220;][vc_column css=&#8220;.vc_custom_1556788481369{padding-top: px !important;padding-bottom: px !important;}&#8220;]<div class='filter_outer center_align'>\n    <div class='filter_holder  without_separator'>\n        <ul>\n                            <li class='filter_title'><span>Itinerari:<\/span><\/li>\n            \n                            <li class='filter' data-filter='*'><span>All<\/span><\/li>\n            \n                            <li class='filter' data-filter='.portfolio_category_370'><span>Italien<\/span>\n                                <\/li>\n                            <li class='filter' data-filter='.portfolio_category_369'><span>Kunstst\u00e4dte<\/span>\n                                <\/li>\n                            <li class='filter' data-filter='.portfolio_category_371'><span>See<\/span>\n                                <\/li>\n                    <\/ul>\n    <\/div>\n<\/div>\n<div class='projects_masonry_holder appear_from_bottom  qode-filter-position-top' data-parallax_item_speed='0.3' data-parallax_item_offset=''>\n    <article class=\"portfolio_masonry_item portfolio_category_370 portfolio_category_369 portfolio_category_368 portfolio_category_371 default\">\n    <div class='image_holder move_from_left'>\n        \n<span class='image'><img loading=\"lazy\" decoding=\"async\" width=\"500\" height=\"500\" src=\"https:\/\/travel.evway.net\/wp-content\/uploads\/2016\/03\/Mantova-500x500.png\" class=\"attachment-portfolio_masonry_regular size-portfolio_masonry_regular wp-post-image\" alt=\"\" srcset=\"https:\/\/travel.evway.net\/wp-content\/uploads\/2016\/03\/Mantova-500x500.png 500w, https:\/\/travel.evway.net\/wp-content\/uploads\/2016\/03\/Mantova-150x150.png 150w, https:\/\/travel.evway.net\/wp-content\/uploads\/2016\/03\/Mantova-550x550.png 550w, https:\/\/travel.evway.net\/wp-content\/uploads\/2016\/03\/Mantova-600x600.png 600w, https:\/\/travel.evway.net\/wp-content\/uploads\/2016\/03\/Mantova-300x300.png 300w, https:\/\/travel.evway.net\/wp-content\/uploads\/2016\/03\/Mantova-100x100.png 100w\" sizes=\"(max-width: 500px) 100vw, 500px\" \/><\/span>\n\n    <a class='portfolio_link_class' href='https:\/\/travel.evway.net\/mantova\/' target='_self'><\/a>\n        <div class=\"holder-move\">\n\t<div class=\"portfolio_shader\"><\/div>\n\n\t<div class=\"text_holder\">\n\t\t<h4 class=\"portfolio_title\" > Mantua<\/h4><h6 class=\"portfolio_subtitle\"> <\/h6>\t<span class=\"project_category\">\n        <span> In <\/span>\n\t\tItalien \/ Kunstst\u00e4dte \/ Routen \/ See    <\/span>\n\t<\/div>\n\t<div class=\"icons_holder\">\n\t<div class=\"icons_holder_inner\">\n\t\t\t\t\t<a class='portfolio_lightbox' title='Routen' href='https:\/\/travel.evway.net\/wp-content\/uploads\/2016\/03\/Mantova.png' data-rel='prettyPhoto[pretty_photo_gallery]'><\/a>\n\t\t\t\t\t<\/div>\n<\/div><\/div>\n    <\/div>\n<\/article>\n<article class=\"portfolio_masonry_item portfolio_category_370 portfolio_category_369 portfolio_category_368 default\">\n    <div class='image_holder move_from_left'>\n        \n<span class='image'><img loading=\"lazy\" decoding=\"async\" width=\"500\" height=\"500\" src=\"https:\/\/travel.evway.net\/wp-content\/uploads\/2016\/03\/Milano-500x500.jpg\" class=\"attachment-portfolio_masonry_regular size-portfolio_masonry_regular wp-post-image\" alt=\"\" srcset=\"https:\/\/travel.evway.net\/wp-content\/uploads\/2016\/03\/Milano-500x500.jpg 500w, https:\/\/travel.evway.net\/wp-content\/uploads\/2016\/03\/Milano-150x150.jpg 150w, https:\/\/travel.evway.net\/wp-content\/uploads\/2016\/03\/Milano-550x550.jpg 550w, https:\/\/travel.evway.net\/wp-content\/uploads\/2016\/03\/Milano-300x300.jpg 300w, https:\/\/travel.evway.net\/wp-content\/uploads\/2016\/03\/Milano-100x100.jpg 100w\" sizes=\"(max-width: 500px) 100vw, 500px\" \/><\/span>\n\n    <a class='portfolio_link_class' href='https:\/\/travel.evway.net\/de\/mailand' target='_self'><\/a>\n        <div class=\"holder-move\">\n\t<div class=\"portfolio_shader\"><\/div>\n\n\t<div class=\"text_holder\">\n\t\t<h4 class=\"portfolio_title\" > Mailand<\/h4><h6 class=\"portfolio_subtitle\"> <\/h6>\t<span class=\"project_category\">\n        <span> In <\/span>\n\t\tItalien \/ Kunstst\u00e4dte \/ Routen    <\/span>\n\t<\/div>\n\t<div class=\"icons_holder\">\n\t<div class=\"icons_holder_inner\">\n\t\t\t\t\t<a class='portfolio_lightbox' title='Routen' href='https:\/\/travel.evway.net\/wp-content\/uploads\/2016\/03\/Milano.jpg' data-rel='prettyPhoto[pretty_photo_gallery]'><\/a>\n\t\t\t\t\t<\/div>\n<\/div><\/div>\n    <\/div>\n<\/article>\n<article class=\"portfolio_masonry_item portfolio_category_370 portfolio_category_369 portfolio_category_368 default\">\n    <div class='image_holder move_from_left'>\n        \n<span class='image'><img loading=\"lazy\" decoding=\"async\" width=\"500\" height=\"500\" src=\"https:\/\/travel.evway.net\/wp-content\/uploads\/2016\/03\/Roma-500x500.jpeg\" class=\"attachment-portfolio_masonry_regular size-portfolio_masonry_regular wp-post-image\" alt=\"\" srcset=\"https:\/\/travel.evway.net\/wp-content\/uploads\/2016\/03\/Roma-500x500.jpeg 500w, https:\/\/travel.evway.net\/wp-content\/uploads\/2016\/03\/Roma-150x150.jpeg 150w, https:\/\/travel.evway.net\/wp-content\/uploads\/2016\/03\/Roma-550x550.jpeg 550w, https:\/\/travel.evway.net\/wp-content\/uploads\/2016\/03\/Roma-300x300.jpeg 300w, https:\/\/travel.evway.net\/wp-content\/uploads\/2016\/03\/Roma-100x100.jpeg 100w\" sizes=\"(max-width: 500px) 100vw, 500px\" \/><\/span>\n\n    <a class='portfolio_link_class' href='https:\/\/travel.evway.net\/de\/rom\/' target='_self'><\/a>\n        <div class=\"holder-move\">\n\t<div class=\"portfolio_shader\"><\/div>\n\n\t<div class=\"text_holder\">\n\t\t<h4 class=\"portfolio_title\" > Rom<\/h4><h6 class=\"portfolio_subtitle\"> <\/h6>\t<span class=\"project_category\">\n        <span> In <\/span>\n\t\tItalien \/ Kunstst\u00e4dte \/ Routen    <\/span>\n\t<\/div>\n\t<div class=\"icons_holder\">\n\t<div class=\"icons_holder_inner\">\n\t\t\t\t\t<a class='portfolio_lightbox' title='Routen' href='https:\/\/travel.evway.net\/wp-content\/uploads\/2016\/03\/Roma.jpeg' data-rel='prettyPhoto[pretty_photo_gallery]'><\/a>\n\t\t\t\t\t<\/div>\n<\/div><\/div>\n    <\/div>\n<\/article>\n<article class=\"portfolio_masonry_item portfolio_category_370 portfolio_category_369 portfolio_category_368 default\">\n    <div class='image_holder move_from_left'>\n        \n<span class='image'><img loading=\"lazy\" decoding=\"async\" width=\"500\" height=\"500\" src=\"https:\/\/travel.evway.net\/wp-content\/uploads\/2016\/03\/Bolzano-500x500.jpg\" class=\"attachment-portfolio_masonry_regular size-portfolio_masonry_regular wp-post-image\" alt=\"\" srcset=\"https:\/\/travel.evway.net\/wp-content\/uploads\/2016\/03\/Bolzano-500x500.jpg 500w, https:\/\/travel.evway.net\/wp-content\/uploads\/2016\/03\/Bolzano-150x150.jpg 150w, https:\/\/travel.evway.net\/wp-content\/uploads\/2016\/03\/Bolzano-550x550.jpg 550w, https:\/\/travel.evway.net\/wp-content\/uploads\/2016\/03\/Bolzano-300x300.jpg 300w, https:\/\/travel.evway.net\/wp-content\/uploads\/2016\/03\/Bolzano-100x100.jpg 100w\" sizes=\"(max-width: 500px) 100vw, 500px\" \/><\/span>\n\n    <a class='portfolio_link_class' href='https:\/\/travel.evway.net\/de\/bozen\/' target='_self'><\/a>\n        <div class=\"holder-move\">\n\t<div class=\"portfolio_shader\"><\/div>\n\n\t<div class=\"text_holder\">\n\t\t<h4 class=\"portfolio_title\" > Bozen<\/h4><h6 class=\"portfolio_subtitle\"> <\/h6>\t<span class=\"project_category\">\n        <span> In <\/span>\n\t\tItalien \/ Kunstst\u00e4dte \/ Routen    <\/span>\n\t<\/div>\n\t<div class=\"icons_holder\">\n\t<div class=\"icons_holder_inner\">\n\t\t\t\t\t<a class='portfolio_lightbox' title='Routen' href='https:\/\/travel.evway.net\/wp-content\/uploads\/2016\/03\/Bolzano.jpg' data-rel='prettyPhoto[pretty_photo_gallery]'><\/a>\n\t\t\t\t\t<\/div>\n<\/div><\/div>\n    <\/div>\n<\/article>\n<article class=\"portfolio_masonry_item portfolio_category_370 portfolio_category_369 portfolio_category_368 default\">\n    <div class='image_holder move_from_left'>\n        \n<span class='image'><img loading=\"lazy\" decoding=\"async\" width=\"500\" height=\"500\" src=\"https:\/\/travel.evway.net\/wp-content\/uploads\/2016\/03\/Verona-500x500.jpg\" class=\"attachment-portfolio_masonry_regular size-portfolio_masonry_regular wp-post-image\" alt=\"\" srcset=\"https:\/\/travel.evway.net\/wp-content\/uploads\/2016\/03\/Verona-500x500.jpg 500w, https:\/\/travel.evway.net\/wp-content\/uploads\/2016\/03\/Verona-150x150.jpg 150w, https:\/\/travel.evway.net\/wp-content\/uploads\/2016\/03\/Verona-550x550.jpg 550w, https:\/\/travel.evway.net\/wp-content\/uploads\/2016\/03\/Verona-300x300.jpg 300w, https:\/\/travel.evway.net\/wp-content\/uploads\/2016\/03\/Verona-100x100.jpg 100w\" sizes=\"(max-width: 500px) 100vw, 500px\" \/><\/span>\n\n    <a class='portfolio_link_class' href='https:\/\/travel.evway.net\/de\/verona\/' target='_self'><\/a>\n        <div class=\"holder-move\">\n\t<div class=\"portfolio_shader\"><\/div>\n\n\t<div class=\"text_holder\">\n\t\t<h4 class=\"portfolio_title\" > Verona<\/h4><h6 class=\"portfolio_subtitle\"> <\/h6>\t<span class=\"project_category\">\n        <span> In <\/span>\n\t\tItalien \/ Kunstst\u00e4dte \/ Routen    <\/span>\n\t<\/div>\n\t<div class=\"icons_holder\">\n\t<div class=\"icons_holder_inner\">\n\t\t\t\t\t<a class='portfolio_lightbox' title='Routen' href='https:\/\/travel.evway.net\/wp-content\/uploads\/2016\/03\/Verona.jpg' data-rel='prettyPhoto[pretty_photo_gallery]'><\/a>\n\t\t\t\t\t<\/div>\n<\/div><\/div>\n    <\/div>\n<\/article>\n<\/div>\n[\/vc_column][\/vc_row]<\/p>\n<\/div>","protected":false},"excerpt":{"rendered":"<p>[vc_row row_type=&#8220;row&#8220; use_row_as_full_screen_section=&#8220;no&#8220; type=&#8220;full_width&#8220; text_align=&#8220;left&#8220; background_animation=&#8220;none&#8220; css_animation=&#8220;&#8220; css=&#8220;.vc_custom_1556788457618{padding-top: 50px !important;padding-bottom: 50px !important;}&#8220;][vc_column css=&#8220;.vc_custom_1556788481369{padding-top: px !important;padding-bottom: px !important;}&#8220;][\/vc_column][\/vc_row]<\/p>\n","protected":false},"author":1,"featured_media":0,"parent":0,"menu_order":0,"comment_status":"closed","ping_status":"closed","template":"full_width.php","meta":{"footnotes":""},"yoast_head":"<!-- This site is optimized with the Yoast SEO plugin v19.13 - https:\/\/yoast.com\/wordpress\/plugins\/seo\/ -->\n<title>Touristische Routen in Europa f\u00fcr die Elektroautofahrern<\/title>\n<meta name=\"description\" content=\"Finden Sie die Beherbergungsbetrieben mit Ladestationen, die f\u00fcr E-Bikes und E-Autos f\u00fcr Ihre Reisen durch Europa geeignet sind.\" \/>\n<meta name=\"robots\" content=\"index, follow, max-snippet:-1, max-image-preview:large, max-video-preview:-1\" \/>\n<link rel=\"canonical\" href=\"https:\/\/travel.evway.net\/de\/routen\/\" \/>\n<meta property=\"og:locale\" content=\"de_DE\" \/>\n<meta property=\"og:type\" content=\"article\" \/>\n<meta property=\"og:title\" content=\"Touristische Routen in Europa f\u00fcr die Elektroautofahrern\" \/>\n<meta property=\"og:description\" content=\"Finden Sie die Beherbergungsbetrieben mit Ladestationen, die f\u00fcr E-Bikes und E-Autos f\u00fcr Ihre Reisen durch Europa geeignet sind.\" \/>\n<meta property=\"og:url\" content=\"https:\/\/travel.evway.net\/de\/routen\/\" \/>\n<meta property=\"og:site_name\" content=\"evway Travel Network\" \/>\n<meta property=\"article:publisher\" content=\"https:\/\/www.facebook.com\/goevway\/\" \/>\n<meta property=\"article:modified_time\" content=\"2020-05-14T16:08:19+00:00\" \/>\n<meta name=\"twitter:card\" content=\"summary_large_image\" \/>\n<script type=\"application\/ld+json\" class=\"yoast-schema-graph\">{\"@context\":\"https:\/\/schema.org\",\"@graph\":[{\"@type\":\"WebPage\",\"@id\":\"https:\/\/travel.evway.net\/de\/routen\/\",\"url\":\"https:\/\/travel.evway.net\/de\/routen\/\",\"name\":\"Touristische Routen in Europa f\u00fcr die Elektroautofahrern\",\"isPartOf\":{\"@id\":\"https:\/\/travel.evway.net\/de\/#website\"},\"datePublished\":\"2019-10-17T08:41:44+00:00\",\"dateModified\":\"2020-05-14T16:08:19+00:00\",\"description\":\"Finden Sie die Beherbergungsbetrieben mit Ladestationen, die f\u00fcr E-Bikes und E-Autos f\u00fcr Ihre Reisen durch Europa geeignet sind.\",\"breadcrumb\":{\"@id\":\"https:\/\/travel.evway.net\/de\/routen\/#breadcrumb\"},\"inLanguage\":\"de\",\"potentialAction\":[{\"@type\":\"ReadAction\",\"target\":[\"https:\/\/travel.evway.net\/de\/routen\/\"]}]},{\"@type\":\"BreadcrumbList\",\"@id\":\"https:\/\/travel.evway.net\/de\/routen\/#breadcrumb\",\"itemListElement\":[{\"@type\":\"ListItem\",\"position\":1,\"name\":\"Home\",\"item\":\"https:\/\/travel.evway.net\/de\/?page_id=29053\"},{\"@type\":\"ListItem\",\"position\":2,\"name\":\"Routen\"}]},{\"@type\":\"WebSite\",\"@id\":\"https:\/\/travel.evway.net\/de\/#website\",\"url\":\"https:\/\/travel.evway.net\/de\/\",\"name\":\"evway Travel Network\",\"description\":\"Charge your Car, Live your Life\",\"publisher\":{\"@id\":\"https:\/\/travel.evway.net\/de\/#organization\"},\"potentialAction\":[{\"@type\":\"SearchAction\",\"target\":{\"@type\":\"EntryPoint\",\"urlTemplate\":\"https:\/\/travel.evway.net\/de\/?s={search_term_string}\"},\"query-input\":\"required name=search_term_string\"}],\"inLanguage\":\"de\"},{\"@type\":\"Organization\",\"@id\":\"https:\/\/travel.evway.net\/de\/#organization\",\"name\":\"evway travel network\",\"url\":\"https:\/\/travel.evway.net\/de\/\",\"logo\":{\"@type\":\"ImageObject\",\"inLanguage\":\"de\",\"@id\":\"https:\/\/travel.evway.net\/de\/#\/schema\/logo\/image\/\",\"url\":\"https:\/\/travel.evway.net\/wp-content\/uploads\/2020\/09\/LOGO_ETN.png\",\"contentUrl\":\"https:\/\/travel.evway.net\/wp-content\/uploads\/2020\/09\/LOGO_ETN.png\",\"width\":3333,\"height\":3333,\"caption\":\"evway travel network\"},\"image\":{\"@id\":\"https:\/\/travel.evway.net\/de\/#\/schema\/logo\/image\/\"},\"sameAs\":[\"https:\/\/www.instagram.com\/evway\/?hl=it\",\"https:\/\/www.facebook.com\/goevway\/\"]}]}<\/script>\n<!-- \/ Yoast SEO plugin. -->","yoast_head_json":{"title":"Touristische Routen in Europa f\u00fcr die Elektroautofahrern","description":"Finden Sie die Beherbergungsbetrieben mit Ladestationen, die f\u00fcr E-Bikes und E-Autos f\u00fcr Ihre Reisen durch Europa geeignet sind.","robots":{"index":"index","follow":"follow","max-snippet":"max-snippet:-1","max-image-preview":"max-image-preview:large","max-video-preview":"max-video-preview:-1"},"canonical":"https:\/\/travel.evway.net\/de\/routen\/","og_locale":"de_DE","og_type":"article","og_title":"Touristische Routen in Europa f\u00fcr die Elektroautofahrern","og_description":"Finden Sie die Beherbergungsbetrieben mit Ladestationen, die f\u00fcr E-Bikes und E-Autos f\u00fcr Ihre Reisen durch Europa geeignet sind.","og_url":"https:\/\/travel.evway.net\/de\/routen\/","og_site_name":"evway Travel Network","article_publisher":"https:\/\/www.facebook.com\/goevway\/","article_modified_time":"2020-05-14T16:08:19+00:00","twitter_card":"summary_large_image","schema":{"@context":"https:\/\/schema.org","@graph":[{"@type":"WebPage","@id":"https:\/\/travel.evway.net\/de\/routen\/","url":"https:\/\/travel.evway.net\/de\/routen\/","name":"Touristische Routen in Europa f\u00fcr die Elektroautofahrern","isPartOf":{"@id":"https:\/\/travel.evway.net\/de\/#website"},"datePublished":"2019-10-17T08:41:44+00:00","dateModified":"2020-05-14T16:08:19+00:00","description":"Finden Sie die Beherbergungsbetrieben mit Ladestationen, die f\u00fcr E-Bikes und E-Autos f\u00fcr Ihre Reisen durch Europa geeignet sind.","breadcrumb":{"@id":"https:\/\/travel.evway.net\/de\/routen\/#breadcrumb"},"inLanguage":"de","potentialAction":[{"@type":"ReadAction","target":["https:\/\/travel.evway.net\/de\/routen\/"]}]},{"@type":"BreadcrumbList","@id":"https:\/\/travel.evway.net\/de\/routen\/#breadcrumb","itemListElement":[{"@type":"ListItem","position":1,"name":"Home","item":"https:\/\/travel.evway.net\/de\/?page_id=29053"},{"@type":"ListItem","position":2,"name":"Routen"}]},{"@type":"WebSite","@id":"https:\/\/travel.evway.net\/de\/#website","url":"https:\/\/travel.evway.net\/de\/","name":"evway Travel Network","description":"Charge your Car, Live your Life","publisher":{"@id":"https:\/\/travel.evway.net\/de\/#organization"},"potentialAction":[{"@type":"SearchAction","target":{"@type":"EntryPoint","urlTemplate":"https:\/\/travel.evway.net\/de\/?s={search_term_string}"},"query-input":"required name=search_term_string"}],"inLanguage":"de"},{"@type":"Organization","@id":"https:\/\/travel.evway.net\/de\/#organization","name":"evway travel network","url":"https:\/\/travel.evway.net\/de\/","logo":{"@type":"ImageObject","inLanguage":"de","@id":"https:\/\/travel.evway.net\/de\/#\/schema\/logo\/image\/","url":"https:\/\/travel.evway.net\/wp-content\/uploads\/2020\/09\/LOGO_ETN.png","contentUrl":"https:\/\/travel.evway.net\/wp-content\/uploads\/2020\/09\/LOGO_ETN.png","width":3333,"height":3333,"caption":"evway travel network"},"image":{"@id":"https:\/\/travel.evway.net\/de\/#\/schema\/logo\/image\/"},"sameAs":["https:\/\/www.instagram.com\/evway\/?hl=it","https:\/\/www.facebook.com\/goevway\/"]}]}},"_links":{"self":[{"href":"https:\/\/travel.evway.net\/de\/wp-json\/wp\/v2\/pages\/24860"}],"collection":[{"href":"https:\/\/travel.evway.net\/de\/wp-json\/wp\/v2\/pages"}],"about":[{"href":"https:\/\/travel.evway.net\/de\/wp-json\/wp\/v2\/types\/page"}],"author":[{"embeddable":true,"href":"https:\/\/travel.evway.net\/de\/wp-json\/wp\/v2\/users\/1"}],"replies":[{"embeddable":true,"href":"https:\/\/travel.evway.net\/de\/wp-json\/wp\/v2\/comments?post=24860"}],"version-history":[{"count":2,"href":"https:\/\/travel.evway.net\/de\/wp-json\/wp\/v2\/pages\/24860\/revisions"}],"predecessor-version":[{"id":24862,"href":"https:\/\/travel.evway.net\/de\/wp-json\/wp\/v2\/pages\/24860\/revisions\/24862"}],"wp:attachment":[{"href":"https:\/\/travel.evway.net\/de\/wp-json\/wp\/v2\/media?parent=24860"}],"curies":[{"name":"wp","href":"https:\/\/api.w.org\/{rel}","templated":true}]}}