{"id":24253,"date":"2019-06-07T07:46:25","date_gmt":"2019-06-07T07:46:25","guid":{"rendered":"https:\/\/travel.evway.net\/?page_id=24253"},"modified":"2022-11-07T11:05:00","modified_gmt":"2022-11-07T11:05:00","slug":"home-main","status":"publish","type":"page","link":"https:\/\/travel.evway.net\/de\/home-main\/","title":{"rendered":"evway Travel Network"},"content":{"rendered":"<div class=\"wpb-content-wrapper\"><p>[vc_row row_type=&#8220;row&#8220; use_row_as_full_screen_section=&#8220;no&#8220; type=&#8220;grid&#8220; text_align=&#8220;left&#8220; background_animation=&#8220;none&#8220; padding_top=&#8220;80&#8243; padding_bottom=&#8220;50&#8243; css_animation=&#8220;&#8220;][vc_column offset=&#8220;vc_col-lg-12 vc_col-md-5&#8243;][vc_column_text css=&#8220;.vc_custom_1571295494126{background-position: center !important;background-repeat: no-repeat !important;background-size: cover !important;}&#8220;]<\/p>\n<div id=\"page-container\" class=\"et-animated-content\">\n<div id=\"et-main-area\">\n<div id=\"main-content\">\n<article id=\"post-1148\" class=\"post-1148 page type-page status-publish hentry\">\n<div class=\"entry-content\">\n<div id=\"et-boc\" class=\"et-boc\">\n<div class=\"et_builder_inner_content et_pb_gutters3\">\n<div class=\"et_pb_section et_pb_section_1 et_section_regular\">\n<div class=\"et_pb_row et_pb_row_0\">\n<div class=\"et_pb_column et_pb_column_4_4 et_pb_column_0 et_pb_css_mix_blend_mode_passthrough et-last-child\">\n<div class=\"et_pb_module et_pb_text et_pb_text_0 et_pb_bg_layout_light et_pb_text_align_justify\">\n<div class=\"et_pb_text_inner\">\n<h2 style=\"text-align: justify;\"><span style=\"color: #4b4b4b;\"><strong><span style=\"font-size: 18pt;\">\u201c<\/span><\/strong><\/span><span style=\"font-size: 18pt; color: #4b4b4b;\"><strong><span class=\"\">Wann immer du reist, wohin du reist, denk daran: Respektiere die Natur, respektiere die Kultur und respektiere deinen Gastgeber. Du kannst die Ver\u00e4nderung sein, die Du in der Welt sehen willst. Du kannst ein Botschafter f\u00fcr eine bessere Zukunft sein. REISE. GENIE\u00dfE. RESPEKTIERE.<\/span><\/strong><\/span><span style=\"font-size: 18pt; color: #4b4b4b;\"><strong><span class=\"\">\u201d<\/span><\/strong><\/span><\/h2>\n<\/div>\n<\/div>\n<\/div>\n<\/div>\n<\/div>\n<\/div>\n<\/div>\n<\/div>\n<\/article>\n<\/div>\n<\/div>\n<\/div>\n<p>[\/vc_column_text][vc_empty_space height=&#8220;30px&#8220;][vc_column_text]<\/p>\n<h4 style=\"text-align: right;\"><em>Taleb Rifai, UNWTO Secretary-General<\/em><\/h4>\n<p>[\/vc_column_text][vc_empty_space height=&#8220;30px&#8220;][\/vc_column][\/vc_row][vc_row row_type=&#8220;row&#8220; use_row_as_full_screen_section=&#8220;no&#8220; type=&#8220;full_width&#8220; text_align=&#8220;left&#8220; background_animation=&#8220;none&#8220; css_animation=&#8220;&#8220;][vc_column css=&#8220;.vc_custom_1554900292336{padding-right: 30px !important;padding-left: 30px !important;}&#8220;]<div class='projects_holder_outer v4 portfolio_no_space portfolio_with_hover_text  qode-filter-position-top'>\n\n<div class='projects_holder clearfix v4 hover_text no_space portfolio_landscape_image '>\n\n<article class=\"mix portfolio_category_370 portfolio_category_369 portfolio_category_368\">\n    <div class='image_holder move_from_left'>\n        \n<span class='image'><img loading=\"lazy\" decoding=\"async\" width=\"800\" height=\"600\" src=\"https:\/\/travel.evway.net\/wp-content\/uploads\/2016\/03\/Bolzano-800x600.jpg\" class=\"attachment-portfolio-landscape size-portfolio-landscape wp-post-image\" alt=\"\" \/><\/span>\n                    <a class='portfolio_link_class' href='https:\/\/travel.evway.net\/de\/bozen\/' target='_self'><\/a>\n\t\t\n        <div class=\"holder-move\">\n\t<div class=\"portfolio_shader\"><\/div>\n\n\t<div class=\"text_holder\">\n\t\t<h4 class=\"portfolio_title\" > Bozen<\/h4><h6 class=\"portfolio_subtitle\"> <\/h6>\t<span class=\"project_category\">\n        <span> In <\/span>\n\t\tItalien \/ Kunstst\u00e4dte \/ Routen    <\/span>\n\t<\/div>\n\t<div class=\"icons_holder\">\n\t<div class=\"icons_holder_inner\">\n\t\t\t\t\t<a class='portfolio_lightbox' title='evway Travel Network' href='https:\/\/travel.evway.net\/wp-content\/uploads\/2016\/03\/Bolzano.jpg' data-rel='prettyPhoto[pretty_photo_gallery]'><\/a>\n\t\t\t\t\t<\/div>\n<\/div><\/div>\n\n    <\/div>\n<\/article><article class=\"mix portfolio_category_370 portfolio_category_369 portfolio_category_368\">\n    <div class='image_holder move_from_left'>\n        \n<span class='image'><img loading=\"lazy\" decoding=\"async\" width=\"800\" height=\"600\" src=\"https:\/\/travel.evway.net\/wp-content\/uploads\/2016\/03\/Milano-800x600.jpg\" class=\"attachment-portfolio-landscape size-portfolio-landscape wp-post-image\" alt=\"\" \/><\/span>\n                    <a class='portfolio_link_class' href='https:\/\/travel.evway.net\/de\/mailand' target='_self'><\/a>\n\t\t\n        <div class=\"holder-move\">\n\t<div class=\"portfolio_shader\"><\/div>\n\n\t<div class=\"text_holder\">\n\t\t<h4 class=\"portfolio_title\" > Mailand<\/h4><h6 class=\"portfolio_subtitle\"> <\/h6>\t<span class=\"project_category\">\n        <span> In <\/span>\n\t\tItalien \/ Kunstst\u00e4dte \/ Routen    <\/span>\n\t<\/div>\n\t<div class=\"icons_holder\">\n\t<div class=\"icons_holder_inner\">\n\t\t\t\t\t<a class='portfolio_lightbox' title='evway Travel Network' href='https:\/\/travel.evway.net\/wp-content\/uploads\/2016\/03\/Milano.jpg' data-rel='prettyPhoto[pretty_photo_gallery]'><\/a>\n\t\t\t\t\t<\/div>\n<\/div><\/div>\n\n    <\/div>\n<\/article><article class=\"mix portfolio_category_370 portfolio_category_369 portfolio_category_368 portfolio_category_371\">\n    <div class='image_holder move_from_left'>\n        \n<span class='image'><img loading=\"lazy\" decoding=\"async\" width=\"800\" height=\"600\" src=\"https:\/\/travel.evway.net\/wp-content\/uploads\/2016\/03\/Mantova.png\" class=\"attachment-portfolio-landscape size-portfolio-landscape wp-post-image\" alt=\"\" srcset=\"https:\/\/travel.evway.net\/wp-content\/uploads\/2016\/03\/Mantova.png 800w, https:\/\/travel.evway.net\/wp-content\/uploads\/2016\/03\/Mantova-300x225.png 300w, https:\/\/travel.evway.net\/wp-content\/uploads\/2016\/03\/Mantova-768x576.png 768w, https:\/\/travel.evway.net\/wp-content\/uploads\/2016\/03\/Mantova-700x525.png 700w, https:\/\/travel.evway.net\/wp-content\/uploads\/2016\/03\/Mantova-600x450.png 600w\" sizes=\"(max-width: 800px) 100vw, 800px\" \/><\/span>\n                    <a class='portfolio_link_class' href='https:\/\/travel.evway.net\/mantova\/' target='_self'><\/a>\n\t\t\n        <div class=\"holder-move\">\n\t<div class=\"portfolio_shader\"><\/div>\n\n\t<div class=\"text_holder\">\n\t\t<h4 class=\"portfolio_title\" > Mantua<\/h4><h6 class=\"portfolio_subtitle\"> <\/h6>\t<span class=\"project_category\">\n        <span> In <\/span>\n\t\tItalien \/ Kunstst\u00e4dte \/ Routen \/ See    <\/span>\n\t<\/div>\n\t<div class=\"icons_holder\">\n\t<div class=\"icons_holder_inner\">\n\t\t\t\t\t<a class='portfolio_lightbox' title='evway Travel Network' href='https:\/\/travel.evway.net\/wp-content\/uploads\/2016\/03\/Mantova.png' data-rel='prettyPhoto[pretty_photo_gallery]'><\/a>\n\t\t\t\t\t<\/div>\n<\/div><\/div>\n\n    <\/div>\n<\/article><article class=\"mix portfolio_category_370 portfolio_category_369 portfolio_category_368\">\n    <div class='image_holder move_from_left'>\n        \n<span class='image'><img loading=\"lazy\" decoding=\"async\" width=\"800\" height=\"600\" src=\"https:\/\/travel.evway.net\/wp-content\/uploads\/2016\/03\/Roma-800x600.jpeg\" class=\"attachment-portfolio-landscape size-portfolio-landscape wp-post-image\" alt=\"\" srcset=\"https:\/\/travel.evway.net\/wp-content\/uploads\/2016\/03\/Roma-800x600.jpeg 800w, https:\/\/travel.evway.net\/wp-content\/uploads\/2016\/03\/Roma-300x225.jpeg 300w, https:\/\/travel.evway.net\/wp-content\/uploads\/2016\/03\/Roma-768x576.jpeg 768w, https:\/\/travel.evway.net\/wp-content\/uploads\/2016\/03\/Roma.jpeg 1024w, https:\/\/travel.evway.net\/wp-content\/uploads\/2016\/03\/Roma-700x525.jpeg 700w, https:\/\/travel.evway.net\/wp-content\/uploads\/2016\/03\/Roma-600x450.jpeg 600w\" sizes=\"(max-width: 800px) 100vw, 800px\" \/><\/span>\n                    <a class='portfolio_link_class' href='https:\/\/travel.evway.net\/de\/rom\/' target='_self'><\/a>\n\t\t\n        <div class=\"holder-move\">\n\t<div class=\"portfolio_shader\"><\/div>\n\n\t<div class=\"text_holder\">\n\t\t<h4 class=\"portfolio_title\" > Rom<\/h4><h6 class=\"portfolio_subtitle\"> <\/h6>\t<span class=\"project_category\">\n        <span> In <\/span>\n\t\tItalien \/ Kunstst\u00e4dte \/ Routen    <\/span>\n\t<\/div>\n\t<div class=\"icons_holder\">\n\t<div class=\"icons_holder_inner\">\n\t\t\t\t\t<a class='portfolio_lightbox' title='evway Travel Network' href='https:\/\/travel.evway.net\/wp-content\/uploads\/2016\/03\/Roma.jpeg' data-rel='prettyPhoto[pretty_photo_gallery]'><\/a>\n\t\t\t\t\t<\/div>\n<\/div><\/div>\n\n    <\/div>\n<\/article><article class=\"mix portfolio_category_370 portfolio_category_369 portfolio_category_368\">\n    <div class='image_holder move_from_left'>\n        \n<span class='image'><img loading=\"lazy\" decoding=\"async\" width=\"800\" height=\"600\" src=\"https:\/\/travel.evway.net\/wp-content\/uploads\/2016\/03\/Verona-800x600.jpg\" class=\"attachment-portfolio-landscape size-portfolio-landscape wp-post-image\" alt=\"\" \/><\/span>\n                    <a class='portfolio_link_class' href='https:\/\/travel.evway.net\/de\/verona\/' target='_self'><\/a>\n\t\t\n        <div class=\"holder-move\">\n\t<div class=\"portfolio_shader\"><\/div>\n\n\t<div class=\"text_holder\">\n\t\t<h4 class=\"portfolio_title\" > Verona<\/h4><h6 class=\"portfolio_subtitle\"> <\/h6>\t<span class=\"project_category\">\n        <span> In <\/span>\n\t\tItalien \/ Kunstst\u00e4dte \/ Routen    <\/span>\n\t<\/div>\n\t<div class=\"icons_holder\">\n\t<div class=\"icons_holder_inner\">\n\t\t\t\t\t<a class='portfolio_lightbox' title='evway Travel Network' href='https:\/\/travel.evway.net\/wp-content\/uploads\/2016\/03\/Verona.jpg' data-rel='prettyPhoto[pretty_photo_gallery]'><\/a>\n\t\t\t\t\t<\/div>\n<\/div><\/div>\n\n    <\/div>\n<\/article>\t\t\t\t<div class='filler'><\/div>\n\t\t\t\t\t\t\t<div class='filler'><\/div>\n\t\t\t\t\t\t\t<div class='filler'><\/div>\n\t\t\t\t\t\t\t<div class='filler'><\/div>\n\t\t\t<\/div>\n    <\/div>\n[\/vc_column][\/vc_row][vc_row row_type=&#8220;row&#8220; use_row_as_full_screen_section=&#8220;no&#8220; type=&#8220;grid&#8220; text_align=&#8220;left&#8220; background_animation=&#8220;none&#8220; padding_top=&#8220;108&#8243; padding_bottom=&#8220;78&#8243; css_animation=&#8220;&#8220;][vc_column offset=&#8220;vc_col-lg-12 vc_col-md-5&#8243;][vc_column_text]<\/p>\n<h2 style=\"text-align: center;\"><span style=\"font-size: 30pt;\">Du bist der Hauptdarsteller!<\/span><\/h2>\n<p>&nbsp;<\/p>\n<p style=\"text-align: justify;\"><span style=\"font-size: 14pt;\">Wenn Du ein nachhaltiges Reise- und Urlaubserlebnis erleben m\u00f6chten, ist das <strong><span style=\"color: #ffbf3b;\">evway Travel Network<\/span><\/strong> der beste Reisebegleiter.<\/span><\/p>\n<p>&nbsp;<\/p>\n<p>&nbsp;<\/p>\n<div class=\"\" style=\"text-align: justify;\"><span style=\"font-size: 14pt;\"><span style=\"font-size: 14pt;\">Finden Deine Lieblingspl\u00e4tze in der <a href=\"http:\/\/www.evway.net\/de\/app\"><span style=\"text-decoration: underline;\"><strong>evway App<\/strong><\/span><\/a>, buche Deinen Urlaub und verbringe tolle Momente in den Einrichtungen des evway Travel Network.<\/span><\/span><\/div>\n<p>[\/vc_column_text][vc_empty_space height=&#8220;60px&#8220;]<div class='qode_carousels_holder clearfix hover_second_image'><div class='qode_carousels ' data-number_of_items = 5><ul class='slides'>Sorry, no posts matched your criteria.<\/ul><\/div><\/div>[\/vc_column][\/vc_row]<\/p>\n<\/div>","protected":false},"excerpt":{"rendered":"<p>[vc_row row_type=&#8220;row&#8220; use_row_as_full_screen_section=&#8220;no&#8220; type=&#8220;grid&#8220; text_align=&#8220;left&#8220; background_animation=&#8220;none&#8220; padding_top=&#8220;80&#8243; padding_bottom=&#8220;50&#8243; css_animation=&#8220;&#8220;][vc_column offset=&#8220;vc_col-lg-12 vc_col-md-5&#8243;][vc_column_text css=&#8220;.vc_custom_1571295494126{background-position: center !important;background-repeat: no-repeat !important;background-size: cover !important;}&#8220;] \u201cWann immer du reist, wohin du reist, denk daran: Respektiere die Natur, respektiere die Kultur und respektiere deinen Gastgeber. Du kannst die Ver\u00e4nderung sein, die Du in&#8230;<\/p>\n","protected":false},"author":1,"featured_media":0,"parent":0,"menu_order":0,"comment_status":"open","ping_status":"closed","template":"full_width.php","meta":{"footnotes":""},"yoast_head":"<!-- This site is optimized with the Yoast SEO plugin v19.13 - https:\/\/yoast.com\/wordpress\/plugins\/seo\/ -->\n<title>Reiseleiter f\u00fcr diejenigen, die mit dem Elektroauto reisen<\/title>\n<meta name=\"description\" content=\"Buchen Sie einen Aufenthalt in einer der Betrieben unseres Netzwerks und entdecken Sie die verf\u00fcgbaren Dienstleistungen und Aktionen.\" \/>\n<meta name=\"robots\" content=\"index, follow, max-snippet:-1, max-image-preview:large, max-video-preview:-1\" \/>\n<link rel=\"canonical\" href=\"https:\/\/travel.evway.net\/de\/home-main\/\" \/>\n<meta property=\"og:locale\" content=\"de_DE\" \/>\n<meta property=\"og:type\" content=\"article\" \/>\n<meta property=\"og:title\" content=\"Reiseleiter f\u00fcr diejenigen, die mit dem Elektroauto reisen\" \/>\n<meta property=\"og:description\" content=\"Buchen Sie einen Aufenthalt in einer der Betrieben unseres Netzwerks und entdecken Sie die verf\u00fcgbaren Dienstleistungen und Aktionen.\" \/>\n<meta property=\"og:url\" content=\"https:\/\/travel.evway.net\/de\/home-main\/\" \/>\n<meta property=\"og:site_name\" content=\"evway Travel Network\" \/>\n<meta property=\"article:publisher\" content=\"https:\/\/www.facebook.com\/goevway\/\" \/>\n<meta property=\"article:modified_time\" content=\"2022-11-07T11:05:00+00:00\" \/>\n<meta name=\"twitter:card\" content=\"summary_large_image\" \/>\n<meta name=\"twitter:label1\" content=\"Gesch\u00e4tzte Lesezeit\" \/>\n\t<meta name=\"twitter:data1\" content=\"1\u00a0Minute\" \/>\n<script type=\"application\/ld+json\" class=\"yoast-schema-graph\">{\"@context\":\"https:\/\/schema.org\",\"@graph\":[{\"@type\":\"WebPage\",\"@id\":\"https:\/\/travel.evway.net\/de\/home-main\/\",\"url\":\"https:\/\/travel.evway.net\/de\/home-main\/\",\"name\":\"Reiseleiter f\u00fcr diejenigen, die mit dem Elektroauto reisen\",\"isPartOf\":{\"@id\":\"https:\/\/travel.evway.net\/de\/#website\"},\"datePublished\":\"2019-06-07T07:46:25+00:00\",\"dateModified\":\"2022-11-07T11:05:00+00:00\",\"description\":\"Buchen Sie einen Aufenthalt in einer der Betrieben unseres Netzwerks und entdecken Sie die verf\u00fcgbaren Dienstleistungen und Aktionen.\",\"breadcrumb\":{\"@id\":\"https:\/\/travel.evway.net\/de\/home-main\/#breadcrumb\"},\"inLanguage\":\"de\",\"potentialAction\":[{\"@type\":\"ReadAction\",\"target\":[\"https:\/\/travel.evway.net\/de\/home-main\/\"]}]},{\"@type\":\"BreadcrumbList\",\"@id\":\"https:\/\/travel.evway.net\/de\/home-main\/#breadcrumb\",\"itemListElement\":[{\"@type\":\"ListItem\",\"position\":1,\"name\":\"Home\",\"item\":\"https:\/\/travel.evway.net\/de\/?page_id=29053\"},{\"@type\":\"ListItem\",\"position\":2,\"name\":\"evway Travel Network\"}]},{\"@type\":\"WebSite\",\"@id\":\"https:\/\/travel.evway.net\/de\/#website\",\"url\":\"https:\/\/travel.evway.net\/de\/\",\"name\":\"evway Travel Network\",\"description\":\"Charge your Car, Live your Life\",\"publisher\":{\"@id\":\"https:\/\/travel.evway.net\/de\/#organization\"},\"potentialAction\":[{\"@type\":\"SearchAction\",\"target\":{\"@type\":\"EntryPoint\",\"urlTemplate\":\"https:\/\/travel.evway.net\/de\/?s={search_term_string}\"},\"query-input\":\"required name=search_term_string\"}],\"inLanguage\":\"de\"},{\"@type\":\"Organization\",\"@id\":\"https:\/\/travel.evway.net\/de\/#organization\",\"name\":\"evway travel network\",\"url\":\"https:\/\/travel.evway.net\/de\/\",\"logo\":{\"@type\":\"ImageObject\",\"inLanguage\":\"de\",\"@id\":\"https:\/\/travel.evway.net\/de\/#\/schema\/logo\/image\/\",\"url\":\"https:\/\/travel.evway.net\/wp-content\/uploads\/2020\/09\/LOGO_ETN.png\",\"contentUrl\":\"https:\/\/travel.evway.net\/wp-content\/uploads\/2020\/09\/LOGO_ETN.png\",\"width\":3333,\"height\":3333,\"caption\":\"evway travel network\"},\"image\":{\"@id\":\"https:\/\/travel.evway.net\/de\/#\/schema\/logo\/image\/\"},\"sameAs\":[\"https:\/\/www.instagram.com\/evway\/?hl=it\",\"https:\/\/www.facebook.com\/goevway\/\"]}]}<\/script>\n<!-- \/ Yoast SEO plugin. -->","yoast_head_json":{"title":"Reiseleiter f\u00fcr diejenigen, die mit dem Elektroauto reisen","description":"Buchen Sie einen Aufenthalt in einer der Betrieben unseres Netzwerks und entdecken Sie die verf\u00fcgbaren Dienstleistungen und Aktionen.","robots":{"index":"index","follow":"follow","max-snippet":"max-snippet:-1","max-image-preview":"max-image-preview:large","max-video-preview":"max-video-preview:-1"},"canonical":"https:\/\/travel.evway.net\/de\/home-main\/","og_locale":"de_DE","og_type":"article","og_title":"Reiseleiter f\u00fcr diejenigen, die mit dem Elektroauto reisen","og_description":"Buchen Sie einen Aufenthalt in einer der Betrieben unseres Netzwerks und entdecken Sie die verf\u00fcgbaren Dienstleistungen und Aktionen.","og_url":"https:\/\/travel.evway.net\/de\/home-main\/","og_site_name":"evway Travel Network","article_publisher":"https:\/\/www.facebook.com\/goevway\/","article_modified_time":"2022-11-07T11:05:00+00:00","twitter_card":"summary_large_image","twitter_misc":{"Gesch\u00e4tzte Lesezeit":"1\u00a0Minute"},"schema":{"@context":"https:\/\/schema.org","@graph":[{"@type":"WebPage","@id":"https:\/\/travel.evway.net\/de\/home-main\/","url":"https:\/\/travel.evway.net\/de\/home-main\/","name":"Reiseleiter f\u00fcr diejenigen, die mit dem Elektroauto reisen","isPartOf":{"@id":"https:\/\/travel.evway.net\/de\/#website"},"datePublished":"2019-06-07T07:46:25+00:00","dateModified":"2022-11-07T11:05:00+00:00","description":"Buchen Sie einen Aufenthalt in einer der Betrieben unseres Netzwerks und entdecken Sie die verf\u00fcgbaren Dienstleistungen und Aktionen.","breadcrumb":{"@id":"https:\/\/travel.evway.net\/de\/home-main\/#breadcrumb"},"inLanguage":"de","potentialAction":[{"@type":"ReadAction","target":["https:\/\/travel.evway.net\/de\/home-main\/"]}]},{"@type":"BreadcrumbList","@id":"https:\/\/travel.evway.net\/de\/home-main\/#breadcrumb","itemListElement":[{"@type":"ListItem","position":1,"name":"Home","item":"https:\/\/travel.evway.net\/de\/?page_id=29053"},{"@type":"ListItem","position":2,"name":"evway Travel Network"}]},{"@type":"WebSite","@id":"https:\/\/travel.evway.net\/de\/#website","url":"https:\/\/travel.evway.net\/de\/","name":"evway Travel Network","description":"Charge your Car, Live your Life","publisher":{"@id":"https:\/\/travel.evway.net\/de\/#organization"},"potentialAction":[{"@type":"SearchAction","target":{"@type":"EntryPoint","urlTemplate":"https:\/\/travel.evway.net\/de\/?s={search_term_string}"},"query-input":"required name=search_term_string"}],"inLanguage":"de"},{"@type":"Organization","@id":"https:\/\/travel.evway.net\/de\/#organization","name":"evway travel network","url":"https:\/\/travel.evway.net\/de\/","logo":{"@type":"ImageObject","inLanguage":"de","@id":"https:\/\/travel.evway.net\/de\/#\/schema\/logo\/image\/","url":"https:\/\/travel.evway.net\/wp-content\/uploads\/2020\/09\/LOGO_ETN.png","contentUrl":"https:\/\/travel.evway.net\/wp-content\/uploads\/2020\/09\/LOGO_ETN.png","width":3333,"height":3333,"caption":"evway travel network"},"image":{"@id":"https:\/\/travel.evway.net\/de\/#\/schema\/logo\/image\/"},"sameAs":["https:\/\/www.instagram.com\/evway\/?hl=it","https:\/\/www.facebook.com\/goevway\/"]}]}},"_links":{"self":[{"href":"https:\/\/travel.evway.net\/de\/wp-json\/wp\/v2\/pages\/24253"}],"collection":[{"href":"https:\/\/travel.evway.net\/de\/wp-json\/wp\/v2\/pages"}],"about":[{"href":"https:\/\/travel.evway.net\/de\/wp-json\/wp\/v2\/types\/page"}],"author":[{"embeddable":true,"href":"https:\/\/travel.evway.net\/de\/wp-json\/wp\/v2\/users\/1"}],"replies":[{"embeddable":true,"href":"https:\/\/travel.evway.net\/de\/wp-json\/wp\/v2\/comments?post=24253"}],"version-history":[{"count":14,"href":"https:\/\/travel.evway.net\/de\/wp-json\/wp\/v2\/pages\/24253\/revisions"}],"predecessor-version":[{"id":27608,"href":"https:\/\/travel.evway.net\/de\/wp-json\/wp\/v2\/pages\/24253\/revisions\/27608"}],"wp:attachment":[{"href":"https:\/\/travel.evway.net\/de\/wp-json\/wp\/v2\/media?parent=24253"}],"curies":[{"name":"wp","href":"https:\/\/api.w.org\/{rel}","templated":true}]}}