{"id":24235,"date":"2019-06-07T07:13:54","date_gmt":"2019-06-07T07:13:54","guid":{"rendered":"https:\/\/travel.evway.net\/?page_id=24235"},"modified":"2019-06-07T07:26:46","modified_gmt":"2019-06-07T07:26:46","slug":"about","status":"publish","type":"page","link":"https:\/\/travel.evway.net\/de\/about\/","title":{"rendered":"About"},"content":{"rendered":"<div class=\"wpb-content-wrapper\"><p>[vc_row row_type=&#8220;row&#8220; use_row_as_full_screen_section=&#8220;no&#8220; type=&#8220;full_width&#8220; text_align=&#8220;left&#8220; background_animation=&#8220;none&#8220; css_animation=&#8220;&#8220;][vc_column][\/vc_column][\/vc_row][vc_row row_type=&#8220;row&#8220; use_row_as_full_screen_section=&#8220;no&#8220; type=&#8220;grid&#8220; text_align=&#8220;left&#8220; background_animation=&#8220;none&#8220; css_animation=&#8220;&#8220; css=&#8220;.vc_custom_1556896689852{padding-right: 50px !important;padding-left: 50px !important;}&#8220;][vc_column width=&#8220;2\/5&#8243;][vc_column_text css=&#8220;.vc_custom_1557916564982{padding-top: 100px !important;}&#8220;]<\/p>\n<h2 style=\"text-align: left;\"><span style=\"font-size: 22pt; color: #4b4b4b;\"><em>&#8222;Crediamo che la mobilit\u00e0 elettrica sia esperienza, scoperta, viaggio&#8230;&#8220;<\/em><\/span><\/h2>\n<p>[\/vc_column_text][\/vc_column][vc_column width=&#8220;3\/5&#8243;][vc_empty_space height=&#8220;50px&#8220;][vc_column_text]<\/p>\n<div class=\"et_pb_module et_pb_text et_pb_text_0 et_pb_bg_layout_light et_pb_text_align_justify\">\n<div class=\"et_pb_text_inner\">\n<p class=\"p1\" style=\"text-align: left;\"><span style=\"font-size: 14pt;\"><span class=\"\">Innovatives <\/span><span class=\"\">Start Up<\/span><span class=\"\">\u00a0seit 2014,\u00a0<\/span><span class=\"\"><strong><span style=\"color: #ffbf3b;\">evway by Route 220<\/span><\/strong>\u00a0<\/span><span class=\"\">hat das Ziel, den ev-Drivern eine innovative und komplette Dienstleistung anzubieten.\u00a0<\/span><\/span><\/p>\n<p>&nbsp;<\/p>\n<\/div>\n<\/div>\n<div class=\"et_pb_module et_pb_text et_pb_text_1 et_pb_bg_layout_light et_pb_text_align_justify\">\n<div class=\"et_pb_text_inner\">\n<p style=\"text-align: justify;\"><span style=\"font-size: 14pt;\"><span class=\"\">Auf unserer <a href=\"http:\/\/www.evway.net\/de\/app\">Plattform<\/a>, werden alle Ladestationen Europas festgehalten samt zus\u00e4tzlichen Informationen: Ort, Leistung, Steckertyp, Zugriff, Zahlungsmodalit\u00e4t usw. <\/span><\/span><\/p>\n<p>&nbsp;<\/p>\n<p style=\"text-align: justify;\"><span style=\"font-size: 14pt;\"><span class=\"\">Au\u00dferdem<\/span><span class=\"\">\u00a0erm\u00f6glicht d<\/span><span class=\"\">ie Karte\u00a0<\/span><span class=\"\">die Sichtbarkeit und Bewerbung der Betrieben, die den ev-Drivern das Ladedienst anbieten oder anbieten m\u00f6chten.<\/span><\/span><\/p>\n<\/div>\n<\/div>\n<p>[\/vc_column_text][\/vc_column][\/vc_row][vc_row row_type=&#8220;row&#8220; use_row_as_full_screen_section=&#8220;no&#8220; type=&#8220;full_width&#8220; text_align=&#8220;left&#8220; background_animation=&#8220;none&#8220; css_animation=&#8220;&#8220; css=&#8220;.vc_custom_1556897848348{padding-top: 50px !important;padding-bottom: 50px !important;}&#8220;][vc_column][vc_row_inner row_type=&#8220;row&#8220; type=&#8220;full_width&#8220; use_row_as_full_screen_section_slide=&#8220;no&#8220; text_align=&#8220;left&#8220; css_animation=&#8220;&#8220;][vc_column_inner width=&#8220;1\/3&#8243;]<div class=\"q_counter_holder  center\" style=\"\"><span class=\"counter  zero\" style=\"color: #4b4b4b;\">12<\/span><p class=\"counter_text\" style=\"\">Membri Del Team<\/p><\/div>[\/vc_column_inner][vc_column_inner width=&#8220;1\/3&#8243;]<div class=\"q_counter_holder  center\" style=\"\"><span class=\"counter  zero\" style=\"color: #4b4b4b;\">2<\/span><p class=\"counter_text\" style=\"\">Amici a Quattro Zampe<\/p><\/div>[\/vc_column_inner][vc_column_inner width=&#8220;1\/3&#8243;]<div class=\"q_counter_holder  center\" style=\"\"><span class=\"counter  zero\" style=\"color: #4b4b4b;\">4<\/span><p class=\"counter_text\" style=\"\">Veicoli Elettrici<\/p><\/div>[\/vc_column_inner][\/vc_row_inner][\/vc_column][\/vc_row][vc_row row_type=&#8220;row&#8220; use_row_as_full_screen_section=&#8220;no&#8220; type=&#8220;full_width&#8220; text_align=&#8220;left&#8220; background_animation=&#8220;none&#8220; css_animation=&#8220;&#8220;][vc_column][vc_empty_space height=&#8220;50px&#8220;][\/vc_column][\/vc_row][vc_row row_type=&#8220;row&#8220; use_row_as_full_screen_section=&#8220;no&#8220; type=&#8220;full_width&#8220; text_align=&#8220;left&#8220; background_animation=&#8220;none&#8220; css_animation=&#8220;&#8220;][vc_column][qode_elements_holder background_color=&#8220;#f6f6fa&#8220; number_of_columns=&#8220;three_columns&#8220;][qode_elements_holder_item item_padding=&#8220;14% 11% 14% 14%&#8220; vertical_alignment=&#8220;middle&#8220; item_padding_1280_1600=&#8220;10% 5% 10% 5%&#8220; item_padding_1024_1280=&#8220;0 5% 0 5%&#8220; item_padding_768_1024=&#8220;8% 10% 8% 8%&#8220; item_padding_600_768=&#8220;15% 15% 15% 15%&#8220; item_padding_480_600=&#8220;8% 8% 8% 8%&#8220; item_padding_480=&#8220;8% 8% 8% 8%&#8220;][vc_column_text css=&#8220;.vc_custom_1557916643058{padding-bottom: 10px !important;}&#8220;]<\/p>\n<h3><span style=\"color: #4b4b4b;\">Mission.<\/span><\/h3>\n<p>[\/vc_column_text][vc_column_text]<\/p>\n<p style=\"text-align: justify;\"><span style=\"font-size: 10pt;\">Die Ladezeit Wird Aufgewertet, Indem Sie Z<span class=\"\">u Einer<\/span><span class=\"\">\u00a0<\/span><span class=\"\">Einzigartigen<\/span><span class=\"\">\u00a0<\/span><span class=\"\">Und Positiven Erfahrung<\/span><span class=\"\">\u00a0<\/span><span class=\"\">F\u00fcr Die Ev-Driver Gemacht Wird Und Z<\/span><span class=\"\">u Einer<\/span><span class=\"\">\u00a0<\/span><span class=\"\">Zielorientierten Werbungsgelegenheit<\/span><span class=\"\">\u00a0<\/span><span class=\"\">F\u00fcr Die Gesch\u00e4fts- Und Freizeitbetriebe, Die An Der E-Mobilit\u00e4t Glauben, Gemacht Wird.<\/span><\/span><\/p>\n<p><span style=\"font-size: 10pt;\"><span class=\"s1\">\u00a0<\/span><\/span>[\/vc_column_text][\/qode_elements_holder_item][qode_elements_holder_item background_color=&#8220;#ffbf3b&#8220; background_image=&#8220;22247&#8243; item_padding_1024_1280=&#8220;40%&#8220; item_padding_768_1024=&#8220;30%&#8220; item_padding_600_768=&#8220;30%&#8220; item_padding_480_600=&#8220;40%&#8220; item_padding_480=&#8220;40%&#8220;][vc_empty_space height=&#8220;0px&#8220;][\/qode_elements_holder_item][qode_elements_holder_item background_color=&#8220;#387d9c&#8220; background_image=&#8220;22253&#8243; item_padding_1024_1280=&#8220;40%&#8220; item_padding_768_1024=&#8220;30%&#8220; item_padding_600_768=&#8220;30%&#8220; item_padding_480_600=&#8220;40%&#8220; item_padding_480=&#8220;40%&#8220;][vc_empty_space height=&#8220;0px&#8220;][\/qode_elements_holder_item][\/qode_elements_holder][vc_row_inner row_type=&#8220;row&#8220; type=&#8220;full_width&#8220; use_row_as_full_screen_section_slide=&#8220;no&#8220; text_align=&#8220;left&#8220; css_animation=&#8220;&#8220;][vc_column_inner][\/vc_column_inner][\/vc_row_inner][\/vc_column][\/vc_row][vc_row row_type=&#8220;row&#8220; use_row_as_full_screen_section=&#8220;no&#8220; type=&#8220;full_width&#8220; text_align=&#8220;left&#8220; background_animation=&#8220;none&#8220; css_animation=&#8220;&#8220;][vc_column][qode_elements_holder background_color=&#8220;#f6f6fa&#8220; number_of_columns=&#8220;three_columns&#8220;][qode_elements_holder_item background_image=&#8220;22250&#8243; item_padding_1024_1280=&#8220;40%&#8220; item_padding_768_1024=&#8220;30%&#8220; item_padding_600_768=&#8220;30%&#8220; item_padding_480_600=&#8220;40%&#8220; item_padding_480=&#8220;40%&#8220;][vc_empty_space height=&#8220;0px&#8220;][\/qode_elements_holder_item][qode_elements_holder_item item_padding=&#8220;14% 11% 14% 14%&#8220; vertical_alignment=&#8220;middle&#8220; item_padding_1280_1600=&#8220;10% 5% 10% 5%&#8220; item_padding_1024_1280=&#8220;0 5% 0 5%&#8220; item_padding_768_1024=&#8220;8% 10% 8% 8%&#8220; item_padding_600_768=&#8220;15% 15% 15% 15%&#8220; item_padding_480_600=&#8220;8% 8% 8% 8%&#8220; item_padding_480=&#8220;8% 8% 8% 8%&#8220;][vc_column_text css=&#8220;.vc_custom_1559892044025{padding-bottom: 10px !important;}&#8220;]<\/p>\n<h3><span style=\"color: #4b4b4b;\">Werte.<\/span><\/h3>\n<p>[\/vc_column_text][vc_column_text]<\/p>\n<div class=\"et_pb_blurb_description\">\n<div class=\"et_pb_blurb_description\">\n<p class=\"p1\" style=\"text-align: justify;\"><span class=\"s1\" style=\"font-size: 10pt;\"><span class=\"\">Wir glauben an die <\/span><span class=\"\">Nachhaltigkeit,<\/span><span class=\"\">\u00a0an die\u00a0<\/span><span class=\"\">Innovation,\u00a0<\/span><span class=\"\">an die\u00a0<\/span><span class=\"\">Sharing Economy<\/span><span class=\"\">\u00a0und die\u00a0<\/span><span class=\"\">Verbreitung von elektrischen Verkehr\u00a0<\/span><span class=\"\">als Gelegenheit f\u00fcr die Verbesserung der Umwelt<\/span><span class=\"\">.\u00a0<\/span><\/span><\/p>\n<\/div>\n<\/div>\n<p>[\/vc_column_text][\/qode_elements_holder_item][qode_elements_holder_item background_image=&#8220;22252&#8243; item_padding_1024_1280=&#8220;40%&#8220; item_padding_768_1024=&#8220;30%&#8220; item_padding_600_768=&#8220;30%&#8220; item_padding_480_600=&#8220;40%&#8220; item_padding_480=&#8220;40%&#8220;][vc_empty_space height=&#8220;0px&#8220;][\/qode_elements_holder_item][\/qode_elements_holder][vc_row_inner row_type=&#8220;row&#8220; type=&#8220;full_width&#8220; use_row_as_full_screen_section_slide=&#8220;no&#8220; text_align=&#8220;left&#8220; css_animation=&#8220;&#8220;][vc_column_inner][\/vc_column_inner][\/vc_row_inner][\/vc_column][\/vc_row][vc_row row_type=&#8220;row&#8220; use_row_as_full_screen_section=&#8220;no&#8220; type=&#8220;full_width&#8220; text_align=&#8220;left&#8220; background_animation=&#8220;none&#8220; css_animation=&#8220;&#8220; css=&#8220;.vc_custom_1556898417788{padding-bottom: 50px !important;}&#8220;][vc_column][qode_elements_holder background_color=&#8220;#f6f6fa&#8220; number_of_columns=&#8220;three_columns&#8220;][qode_elements_holder_item background_image=&#8220;22254&#8243; item_padding_1024_1280=&#8220;40%&#8220; item_padding_768_1024=&#8220;30%&#8220; item_padding_600_768=&#8220;30%&#8220; item_padding_480_600=&#8220;40%&#8220; item_padding_480=&#8220;40%&#8220;][vc_empty_space height=&#8220;0px&#8220;][\/qode_elements_holder_item][qode_elements_holder_item background_image=&#8220;22246&#8243; item_padding_1024_1280=&#8220;40%&#8220; item_padding_768_1024=&#8220;30%&#8220; item_padding_600_768=&#8220;30%&#8220; item_padding_480_600=&#8220;40%&#8220; item_padding_480=&#8220;40%&#8220;][vc_empty_space height=&#8220;0px&#8220;][\/qode_elements_holder_item][qode_elements_holder_item item_padding=&#8220;14% 11% 14% 14%&#8220; vertical_alignment=&#8220;middle&#8220; item_padding_1280_1600=&#8220;10% 5% 10% 5%&#8220; item_padding_1024_1280=&#8220;0 5% 0 5%&#8220; item_padding_768_1024=&#8220;8% 10% 8% 8%&#8220; item_padding_600_768=&#8220;15% 15% 15% 15%&#8220; item_padding_480_600=&#8220;8% 8% 8% 8%&#8220; item_padding_480=&#8220;8% 8% 8% 8%&#8220;][vc_column_text css=&#8220;.vc_custom_1559892091202{padding-bottom: 10px !important;}&#8220;]<\/p>\n<h3><span style=\"color: #4b4b4b;\">Ziele.<\/span><\/h3>\n<p>[\/vc_column_text][vc_column_text]<\/p>\n<div class=\"et_pb_blurb_description\">\n<div class=\"et_pb_blurb_description\">\n<p style=\"text-align: justify;\"><span style=\"font-size: 10pt;\"><span class=\"s1\"><span style=\"font-size: 10pt;\"><span class=\"\"><span class=\"\">Wir wollen den ev-Drivern <\/span><\/span><span class=\"\">positive und aktive Ladungserfahrungen\u00a0bieten\u00a0<\/span><span class=\"\">und den\u00a0<\/span><span class=\"\">Gesch\u00e4fts- und Freizeitbetrieben<\/span><span class=\"\">\u00a0<\/span><span class=\"\">unsere Kompetenzen zur Verf\u00fcgung\u00a0<\/span><span class=\"\" style=\"font-family: arial, helvetica, sans-serif;\"><span class=\"\">stellen, um ihren\u00a0Attraktivit\u00e4t\u00a0zu f\u00f6rdern.\u00a0<\/span><\/span><\/span><\/span><\/span><\/p>\n<\/div>\n<\/div>\n<p>[\/vc_column_text][\/qode_elements_holder_item][\/qode_elements_holder][\/vc_column][\/vc_row]<\/p>\n<\/div>","protected":false},"excerpt":{"rendered":"<p>[vc_row row_type=&#8220;row&#8220; use_row_as_full_screen_section=&#8220;no&#8220; type=&#8220;full_width&#8220; text_align=&#8220;left&#8220; background_animation=&#8220;none&#8220; css_animation=&#8220;&#8220;][vc_column][\/vc_column][\/vc_row][vc_row row_type=&#8220;row&#8220; use_row_as_full_screen_section=&#8220;no&#8220; type=&#8220;grid&#8220; text_align=&#8220;left&#8220; background_animation=&#8220;none&#8220; css_animation=&#8220;&#8220; css=&#8220;.vc_custom_1556896689852{padding-right: 50px !important;padding-left: 50px !important;}&#8220;][vc_column width=&#8220;2\/5&#8243;][vc_column_text css=&#8220;.vc_custom_1557916564982{padding-top: 100px !important;}&#8220;] &#8222;Crediamo che la mobilit\u00e0 elettrica sia esperienza, scoperta, viaggio&#8230;&#8220; [\/vc_column_text][\/vc_column][vc_column width=&#8220;3\/5&#8243;][vc_empty_space height=&#8220;50px&#8220;][vc_column_text] Innovatives Start Up\u00a0seit 2014,\u00a0evway by Route 220\u00a0hat das Ziel, den ev-Drivern&#8230;<\/p>\n","protected":false},"author":1,"featured_media":0,"parent":0,"menu_order":0,"comment_status":"closed","ping_status":"closed","template":"full_width.php","meta":{"footnotes":""},"yoast_head":"<!-- This site is optimized with the Yoast SEO plugin v19.13 - https:\/\/yoast.com\/wordpress\/plugins\/seo\/ -->\n<title>About - turismo in auto elettrica- turismo sostenibile -itinerario in auto elettrica<\/title>\n<meta name=\"description\" content=\"il turismo in auto elettrica. Itinerari suggestivi con residence e alberghi dove poter ricaricare la tua auto elettrica. Il viaggio in elettrico \u00e8 con evway travel network un&#039;esperienza positiva per tutti.\" \/>\n<meta name=\"robots\" content=\"index, follow, max-snippet:-1, max-image-preview:large, max-video-preview:-1\" \/>\n<link rel=\"canonical\" href=\"https:\/\/travel.evway.net\/de\/about\/\" \/>\n<meta property=\"og:locale\" content=\"de_DE\" \/>\n<meta property=\"og:type\" content=\"article\" \/>\n<meta property=\"og:title\" content=\"About - turismo in auto elettrica- turismo sostenibile -itinerario in auto elettrica\" \/>\n<meta property=\"og:description\" content=\"il turismo in auto elettrica. Itinerari suggestivi con residence e alberghi dove poter ricaricare la tua auto elettrica. Il viaggio in elettrico \u00e8 con evway travel network un&#039;esperienza positiva per tutti.\" \/>\n<meta property=\"og:url\" content=\"https:\/\/travel.evway.net\/de\/about\/\" \/>\n<meta property=\"og:site_name\" content=\"evway Travel Network\" \/>\n<meta property=\"article:publisher\" content=\"https:\/\/www.facebook.com\/goevway\/\" \/>\n<meta property=\"article:modified_time\" content=\"2019-06-07T07:26:46+00:00\" \/>\n<meta name=\"twitter:card\" content=\"summary_large_image\" \/>\n<meta name=\"twitter:label1\" content=\"Gesch\u00e4tzte Lesezeit\" \/>\n\t<meta name=\"twitter:data1\" content=\"5\u00a0Minuten\" \/>\n<script type=\"application\/ld+json\" class=\"yoast-schema-graph\">{\"@context\":\"https:\/\/schema.org\",\"@graph\":[{\"@type\":\"WebPage\",\"@id\":\"https:\/\/travel.evway.net\/de\/about\/\",\"url\":\"https:\/\/travel.evway.net\/de\/about\/\",\"name\":\"About - turismo in auto elettrica- turismo sostenibile -itinerario in auto elettrica\",\"isPartOf\":{\"@id\":\"https:\/\/travel.evway.net\/de\/#website\"},\"datePublished\":\"2019-06-07T07:13:54+00:00\",\"dateModified\":\"2019-06-07T07:26:46+00:00\",\"description\":\"il turismo in auto elettrica. Itinerari suggestivi con residence e alberghi dove poter ricaricare la tua auto elettrica. Il viaggio in elettrico \u00e8 con evway travel network un'esperienza positiva per tutti.\",\"breadcrumb\":{\"@id\":\"https:\/\/travel.evway.net\/de\/about\/#breadcrumb\"},\"inLanguage\":\"de\",\"potentialAction\":[{\"@type\":\"ReadAction\",\"target\":[\"https:\/\/travel.evway.net\/de\/about\/\"]}]},{\"@type\":\"BreadcrumbList\",\"@id\":\"https:\/\/travel.evway.net\/de\/about\/#breadcrumb\",\"itemListElement\":[{\"@type\":\"ListItem\",\"position\":1,\"name\":\"Home\",\"item\":\"https:\/\/travel.evway.net\/de\/?page_id=29053\"},{\"@type\":\"ListItem\",\"position\":2,\"name\":\"About\"}]},{\"@type\":\"WebSite\",\"@id\":\"https:\/\/travel.evway.net\/de\/#website\",\"url\":\"https:\/\/travel.evway.net\/de\/\",\"name\":\"evway Travel Network\",\"description\":\"Charge your Car, Live your Life\",\"publisher\":{\"@id\":\"https:\/\/travel.evway.net\/de\/#organization\"},\"potentialAction\":[{\"@type\":\"SearchAction\",\"target\":{\"@type\":\"EntryPoint\",\"urlTemplate\":\"https:\/\/travel.evway.net\/de\/?s={search_term_string}\"},\"query-input\":\"required name=search_term_string\"}],\"inLanguage\":\"de\"},{\"@type\":\"Organization\",\"@id\":\"https:\/\/travel.evway.net\/de\/#organization\",\"name\":\"evway travel network\",\"url\":\"https:\/\/travel.evway.net\/de\/\",\"logo\":{\"@type\":\"ImageObject\",\"inLanguage\":\"de\",\"@id\":\"https:\/\/travel.evway.net\/de\/#\/schema\/logo\/image\/\",\"url\":\"https:\/\/travel.evway.net\/wp-content\/uploads\/2020\/09\/LOGO_ETN.png\",\"contentUrl\":\"https:\/\/travel.evway.net\/wp-content\/uploads\/2020\/09\/LOGO_ETN.png\",\"width\":3333,\"height\":3333,\"caption\":\"evway travel network\"},\"image\":{\"@id\":\"https:\/\/travel.evway.net\/de\/#\/schema\/logo\/image\/\"},\"sameAs\":[\"https:\/\/www.instagram.com\/evway\/?hl=it\",\"https:\/\/www.facebook.com\/goevway\/\"]}]}<\/script>\n<!-- \/ Yoast SEO plugin. -->","yoast_head_json":{"title":"About - turismo in auto elettrica- turismo sostenibile -itinerario in auto elettrica","description":"il turismo in auto elettrica. Itinerari suggestivi con residence e alberghi dove poter ricaricare la tua auto elettrica. Il viaggio in elettrico \u00e8 con evway travel network un'esperienza positiva per tutti.","robots":{"index":"index","follow":"follow","max-snippet":"max-snippet:-1","max-image-preview":"max-image-preview:large","max-video-preview":"max-video-preview:-1"},"canonical":"https:\/\/travel.evway.net\/de\/about\/","og_locale":"de_DE","og_type":"article","og_title":"About - turismo in auto elettrica- turismo sostenibile -itinerario in auto elettrica","og_description":"il turismo in auto elettrica. Itinerari suggestivi con residence e alberghi dove poter ricaricare la tua auto elettrica. Il viaggio in elettrico \u00e8 con evway travel network un'esperienza positiva per tutti.","og_url":"https:\/\/travel.evway.net\/de\/about\/","og_site_name":"evway Travel Network","article_publisher":"https:\/\/www.facebook.com\/goevway\/","article_modified_time":"2019-06-07T07:26:46+00:00","twitter_card":"summary_large_image","twitter_misc":{"Gesch\u00e4tzte Lesezeit":"5\u00a0Minuten"},"schema":{"@context":"https:\/\/schema.org","@graph":[{"@type":"WebPage","@id":"https:\/\/travel.evway.net\/de\/about\/","url":"https:\/\/travel.evway.net\/de\/about\/","name":"About - turismo in auto elettrica- turismo sostenibile -itinerario in auto elettrica","isPartOf":{"@id":"https:\/\/travel.evway.net\/de\/#website"},"datePublished":"2019-06-07T07:13:54+00:00","dateModified":"2019-06-07T07:26:46+00:00","description":"il turismo in auto elettrica. Itinerari suggestivi con residence e alberghi dove poter ricaricare la tua auto elettrica. Il viaggio in elettrico \u00e8 con evway travel network un'esperienza positiva per tutti.","breadcrumb":{"@id":"https:\/\/travel.evway.net\/de\/about\/#breadcrumb"},"inLanguage":"de","potentialAction":[{"@type":"ReadAction","target":["https:\/\/travel.evway.net\/de\/about\/"]}]},{"@type":"BreadcrumbList","@id":"https:\/\/travel.evway.net\/de\/about\/#breadcrumb","itemListElement":[{"@type":"ListItem","position":1,"name":"Home","item":"https:\/\/travel.evway.net\/de\/?page_id=29053"},{"@type":"ListItem","position":2,"name":"About"}]},{"@type":"WebSite","@id":"https:\/\/travel.evway.net\/de\/#website","url":"https:\/\/travel.evway.net\/de\/","name":"evway Travel Network","description":"Charge your Car, Live your Life","publisher":{"@id":"https:\/\/travel.evway.net\/de\/#organization"},"potentialAction":[{"@type":"SearchAction","target":{"@type":"EntryPoint","urlTemplate":"https:\/\/travel.evway.net\/de\/?s={search_term_string}"},"query-input":"required name=search_term_string"}],"inLanguage":"de"},{"@type":"Organization","@id":"https:\/\/travel.evway.net\/de\/#organization","name":"evway travel network","url":"https:\/\/travel.evway.net\/de\/","logo":{"@type":"ImageObject","inLanguage":"de","@id":"https:\/\/travel.evway.net\/de\/#\/schema\/logo\/image\/","url":"https:\/\/travel.evway.net\/wp-content\/uploads\/2020\/09\/LOGO_ETN.png","contentUrl":"https:\/\/travel.evway.net\/wp-content\/uploads\/2020\/09\/LOGO_ETN.png","width":3333,"height":3333,"caption":"evway travel network"},"image":{"@id":"https:\/\/travel.evway.net\/de\/#\/schema\/logo\/image\/"},"sameAs":["https:\/\/www.instagram.com\/evway\/?hl=it","https:\/\/www.facebook.com\/goevway\/"]}]}},"_links":{"self":[{"href":"https:\/\/travel.evway.net\/de\/wp-json\/wp\/v2\/pages\/24235"}],"collection":[{"href":"https:\/\/travel.evway.net\/de\/wp-json\/wp\/v2\/pages"}],"about":[{"href":"https:\/\/travel.evway.net\/de\/wp-json\/wp\/v2\/types\/page"}],"author":[{"embeddable":true,"href":"https:\/\/travel.evway.net\/de\/wp-json\/wp\/v2\/users\/1"}],"replies":[{"embeddable":true,"href":"https:\/\/travel.evway.net\/de\/wp-json\/wp\/v2\/comments?post=24235"}],"version-history":[{"count":6,"href":"https:\/\/travel.evway.net\/de\/wp-json\/wp\/v2\/pages\/24235\/revisions"}],"predecessor-version":[{"id":24252,"href":"https:\/\/travel.evway.net\/de\/wp-json\/wp\/v2\/pages\/24235\/revisions\/24252"}],"wp:attachment":[{"href":"https:\/\/travel.evway.net\/de\/wp-json\/wp\/v2\/media?parent=24235"}],"curies":[{"name":"wp","href":"https:\/\/api.w.org\/{rel}","templated":true}]}}